{"id":973,"date":"2020-08-16T08:24:59","date_gmt":"2020-08-16T08:24:59","guid":{"rendered":"http:\/\/frankenbach.biebertaler-bilderbogen.de\/?page_id=482"},"modified":"2021-04-08T18:43:16","modified_gmt":"2021-04-08T18:43:16","slug":"ortsbeirat","status":"publish","type":"page","link":"https:\/\/fellingshausen.bibibo.info\/?page_id=973","title":{"rendered":"der Ortsbeirat &#8211; Fellingshausen &#8211; 2016 bis 2021"},"content":{"rendered":"\n<div class=\"wp-block-columns is-layout-flex wp-container-core-columns-is-layout-28f84493 wp-block-columns-is-layout-flex\">\n<div class=\"wp-block-column is-layout-flow wp-block-column-is-layout-flow\">\n<div class=\"wp-block-columns is-layout-flex wp-container-core-columns-is-layout-28f84493 wp-block-columns-is-layout-flex\">\n<div class=\"wp-block-column is-layout-flow wp-block-column-is-layout-flow\" style=\"flex-basis:33.33%\">\n<figure class=\"wp-block-image size-large\"><img loading=\"lazy\" decoding=\"async\" width=\"200\" height=\"100\" src=\"https:\/\/fellingshausen.bibibo.info\/wp-content\/uploads\/2021\/01\/Logo_FW_klein_250x125.jpg\" alt=\"\" class=\"wp-image-6415\"\/><\/figure>\n<\/div>\n\n\n\n<div class=\"wp-block-column is-layout-flow wp-block-column-is-layout-flow\" style=\"flex-basis:66.66%\">\n<p>Dieter Synowzik<br><strong>Ortsvorsteher<\/strong><br>Am Gro\u00dfacker 8<br>35444 Biebertal<\/p>\n<\/div>\n<\/div>\n<\/div>\n\n\n\n<div class=\"wp-block-column is-layout-flow wp-block-column-is-layout-flow\">\n<div class=\"wp-block-columns is-layout-flex wp-container-core-columns-is-layout-28f84493 wp-block-columns-is-layout-flex\">\n<div class=\"wp-block-column is-layout-flow wp-block-column-is-layout-flow\" style=\"flex-basis:33.33%\">\n<figure class=\"wp-block-image size-large\"><img loading=\"lazy\" decoding=\"async\" width=\"650\" height=\"366\" src=\"https:\/\/fellingshausen.bibibo.info\/wp-content\/uploads\/2021\/01\/cdu-2.png\" alt=\"\" class=\"wp-image-6434\" srcset=\"https:\/\/fellingshausen.bibibo.info\/wp-content\/uploads\/2021\/01\/cdu-2.png 650w, https:\/\/fellingshausen.bibibo.info\/wp-content\/uploads\/2021\/01\/cdu-2-300x169.png 300w\" sizes=\"auto, (max-width: 650px) 100vw, 650px\" \/><\/figure>\n<\/div>\n\n\n\n<div class=\"wp-block-column is-layout-flow wp-block-column-is-layout-flow\" style=\"flex-basis:66.66%\">\n<p>Dr. Alfons Lindemann<br><strong>stv. Ortsvorsteher<\/strong><br>Im Bauroth 11<br>35444 Biebertal<\/p>\n<\/div>\n<\/div>\n<\/div>\n<\/div>\n\n\n\n<div class=\"wp-block-columns is-layout-flex wp-container-core-columns-is-layout-28f84493 wp-block-columns-is-layout-flex\">\n<div class=\"wp-block-column is-layout-flow wp-block-column-is-layout-flow\">\n<div class=\"wp-block-columns is-layout-flex wp-container-core-columns-is-layout-28f84493 wp-block-columns-is-layout-flex\">\n<div class=\"wp-block-column is-layout-flow wp-block-column-is-layout-flow\" style=\"flex-basis:33.33%\">\n<figure class=\"wp-block-image size-large\"><img loading=\"lazy\" decoding=\"async\" width=\"1024\" height=\"617\" src=\"https:\/\/fellingshausen.bibibo.info\/wp-content\/uploads\/2021\/01\/1200px-Buendnis_90_-_Die_Gruenen_Logo.svg_-1024x617.png\" alt=\"\" class=\"wp-image-6435\" srcset=\"https:\/\/fellingshausen.bibibo.info\/wp-content\/uploads\/2021\/01\/1200px-Buendnis_90_-_Die_Gruenen_Logo.svg_-1024x617.png 1024w, https:\/\/fellingshausen.bibibo.info\/wp-content\/uploads\/2021\/01\/1200px-Buendnis_90_-_Die_Gruenen_Logo.svg_-300x181.png 300w, https:\/\/fellingshausen.bibibo.info\/wp-content\/uploads\/2021\/01\/1200px-Buendnis_90_-_Die_Gruenen_Logo.svg_-768x463.png 768w, https:\/\/fellingshausen.bibibo.info\/wp-content\/uploads\/2021\/01\/1200px-Buendnis_90_-_Die_Gruenen_Logo.svg_.png 1200w\" sizes=\"auto, (max-width: 1024px) 100vw, 1024px\" \/><\/figure>\n<\/div>\n\n\n\n<div class=\"wp-block-column is-layout-flow wp-block-column-is-layout-flow\" style=\"flex-basis:66.66%\">\n<p>Dinah Duodu<br>Am Weidenborn 15<br>35444 Biebertal<\/p>\n<\/div>\n<\/div>\n<\/div>\n\n\n\n<div class=\"wp-block-column is-layout-flow wp-block-column-is-layout-flow\">\n<div class=\"wp-block-columns is-layout-flex wp-container-core-columns-is-layout-28f84493 wp-block-columns-is-layout-flex\">\n<div class=\"wp-block-column is-layout-flow wp-block-column-is-layout-flow\" style=\"flex-basis:33.33%\">\n<figure class=\"wp-block-image size-large\"><img loading=\"lazy\" decoding=\"async\" width=\"200\" height=\"100\" src=\"https:\/\/fellingshausen.bibibo.info\/wp-content\/uploads\/2021\/01\/Logo_FW_klein_250x125.jpg\" alt=\"\" class=\"wp-image-6415\"\/><\/figure>\n<\/div>\n\n\n\n<div class=\"wp-block-column is-layout-flow wp-block-column-is-layout-flow\" style=\"flex-basis:66.66%\">\n<p>Franziska Sch\u00e4fer<br>Wiesenstra\u00dfe 24<br>35444 Biebertal<\/p>\n<\/div>\n<\/div>\n<\/div>\n\n\n\n<div class=\"wp-block-column is-layout-flow wp-block-column-is-layout-flow\">\n<div class=\"wp-block-columns is-layout-flex wp-container-core-columns-is-layout-28f84493 wp-block-columns-is-layout-flex\">\n<div class=\"wp-block-column is-layout-flow wp-block-column-is-layout-flow\" style=\"flex-basis:33.33%\">\n<figure class=\"wp-block-image size-large\"><img loading=\"lazy\" decoding=\"async\" width=\"200\" height=\"100\" src=\"https:\/\/fellingshausen.bibibo.info\/wp-content\/uploads\/2021\/01\/Logo_FW_klein_250x125.jpg\" alt=\"\" class=\"wp-image-6415\"\/><\/figure>\n<\/div>\n\n\n\n<div class=\"wp-block-column is-layout-flow wp-block-column-is-layout-flow\" style=\"flex-basis:66.66%\">\n<p>Hans Ulm<br>Helenenstra\u00dfe 12<br>35444 Biebertal<\/p>\n<\/div>\n<\/div>\n<\/div>\n<\/div>\n\n\n\n<p><\/p>\n","protected":false},"excerpt":{"rendered":"<p>Dieter SynowzikOrtsvorsteherAm Gro\u00dfacker 835444 Biebertal Dr. Alfons Lindemannstv. OrtsvorsteherIm Bauroth 1135444 Biebertal Dinah DuoduAm Weidenborn 1535444 Biebertal Franziska Sch\u00e4ferWiesenstra\u00dfe 2435444 Biebertal Hans UlmHelenenstra\u00dfe 1235444 Biebertal<\/p>\n","protected":false},"author":6,"featured_media":0,"parent":0,"menu_order":0,"comment_status":"closed","ping_status":"closed","template":"","meta":{"inspiro_page_layout":"narrow","inspiro_hide_title":false,"footnotes":""},"class_list":["post-973","page","type-page","status-publish","hentry"],"_links":{"self":[{"href":"https:\/\/fellingshausen.bibibo.info\/index.php?rest_route=\/wp\/v2\/pages\/973","targetHints":{"allow":["GET"]}}],"collection":[{"href":"https:\/\/fellingshausen.bibibo.info\/index.php?rest_route=\/wp\/v2\/pages"}],"about":[{"href":"https:\/\/fellingshausen.bibibo.info\/index.php?rest_route=\/wp\/v2\/types\/page"}],"author":[{"embeddable":true,"href":"https:\/\/fellingshausen.bibibo.info\/index.php?rest_route=\/wp\/v2\/users\/6"}],"replies":[{"embeddable":true,"href":"https:\/\/fellingshausen.bibibo.info\/index.php?rest_route=%2Fwp%2Fv2%2Fcomments&post=973"}],"version-history":[{"count":4,"href":"https:\/\/fellingshausen.bibibo.info\/index.php?rest_route=\/wp\/v2\/pages\/973\/revisions"}],"predecessor-version":[{"id":6740,"href":"https:\/\/fellingshausen.bibibo.info\/index.php?rest_route=\/wp\/v2\/pages\/973\/revisions\/6740"}],"wp:attachment":[{"href":"https:\/\/fellingshausen.bibibo.info\/index.php?rest_route=%2Fwp%2Fv2%2Fmedia&parent=973"}],"curies":[{"name":"wp","href":"https:\/\/api.w.org\/{rel}","templated":true}]}}