{"id":390,"date":"2020-08-09T11:01:46","date_gmt":"2020-08-09T11:01:46","guid":{"rendered":"http:\/\/fellingshausen.bibibo.info\/?page_id=390"},"modified":"2023-09-25T09:46:48","modified_gmt":"2023-09-25T09:46:48","slug":"bank-challange-bildergalerie-fellingshausen","status":"publish","type":"page","link":"https:\/\/fellingshausen.bibibo.info\/?page_id=390","title":{"rendered":"Bank Challenge &#8211; Aussichten auf Fellingshausen"},"content":{"rendered":"\n<h4 class=\"wp-block-heading\">Ganz unten auf dieser Seite finden Sie die Bildergalerie mit Aufl\u00f6sungen und Karten<\/h4>\n\n\n\n<h3 class=\"wp-block-heading\">Die Idee der Bank-Challenge:<\/h3>\n\n\n\n<h4 class=\"wp-block-heading has-text-align-center\">Fotografieren Sie eine Bank in unserem sch\u00f6nen Biebertal \u2026<\/h4>\n\n\n\n<figure class=\"wp-block-image aligncenter size-large is-resized\"><img loading=\"lazy\" decoding=\"async\" src=\"https:\/\/fellingshausen.bibibo.info\/wp-content\/uploads\/2020\/07\/20200521_084212-1024x576.jpg\" alt=\"\" class=\"wp-image-532\" style=\"width:544px;height:306px\" width=\"544\" height=\"306\" srcset=\"https:\/\/fellingshausen.bibibo.info\/wp-content\/uploads\/2020\/07\/20200521_084212-1024x576.jpg 1024w, https:\/\/fellingshausen.bibibo.info\/wp-content\/uploads\/2020\/07\/20200521_084212-300x169.jpg 300w, https:\/\/fellingshausen.bibibo.info\/wp-content\/uploads\/2020\/07\/20200521_084212-768x432.jpg 768w, https:\/\/fellingshausen.bibibo.info\/wp-content\/uploads\/2020\/07\/20200521_084212-1536x864.jpg 1536w, https:\/\/fellingshausen.bibibo.info\/wp-content\/uploads\/2020\/07\/20200521_084212-2048x1152.jpg 2048w\" sizes=\"auto, (max-width: 544px) 100vw, 544px\" \/><figcaption class=\"wp-element-caption\">hier als Beispiel eine Bank, gesponsert von <em>Ren\u00e9 Nassois,<\/em> gebaut von der Seniorenwerkstatt Biebertal, Foto: Lindemann<\/figcaption><\/figure>\n\n\n\n<h4 class=\"wp-block-heading has-text-align-center\">Dann setzten Sie sich darauf und fertigen ein\/einige Fotos oder ein Panoramavideo an &#8230;<\/h4>\n\n\n\n<div class=\"wp-block-columns is-layout-flex wp-container-core-columns-is-layout-28f84493 wp-block-columns-is-layout-flex\">\n<div class=\"wp-block-column is-layout-flow wp-block-column-is-layout-flow\">\n<figure class=\"wp-block-image size-large\"><img loading=\"lazy\" decoding=\"async\" width=\"1024\" height=\"576\" src=\"https:\/\/fellingshausen.bibibo.info\/wp-content\/uploads\/2020\/07\/image-27-1024x576.png\" alt=\"\" class=\"wp-image-538\" srcset=\"https:\/\/fellingshausen.bibibo.info\/wp-content\/uploads\/2020\/07\/image-27-1024x576.png 1024w, https:\/\/fellingshausen.bibibo.info\/wp-content\/uploads\/2020\/07\/image-27-300x169.png 300w, https:\/\/fellingshausen.bibibo.info\/wp-content\/uploads\/2020\/07\/image-27-768x432.png 768w, https:\/\/fellingshausen.bibibo.info\/wp-content\/uploads\/2020\/07\/image-27.png 1280w\" sizes=\"auto, (max-width: 1024px) 100vw, 1024px\" \/><figcaption class=\"wp-element-caption\">Foto: Lindemann &#8211; Juli 2020<\/figcaption><\/figure>\n<\/div>\n\n\n\n<div class=\"wp-block-column is-layout-flow wp-block-column-is-layout-flow\">\n<figure class=\"wp-block-image size-large\"><img loading=\"lazy\" decoding=\"async\" width=\"411\" height=\"234\" src=\"https:\/\/fellingshausen.bibibo.info\/wp-content\/uploads\/2020\/07\/image-24.png\" alt=\"\" class=\"wp-image-534\" srcset=\"https:\/\/fellingshausen.bibibo.info\/wp-content\/uploads\/2020\/07\/image-24.png 411w, https:\/\/fellingshausen.bibibo.info\/wp-content\/uploads\/2020\/07\/image-24-300x171.png 300w\" sizes=\"auto, (max-width: 411px) 100vw, 411px\" \/><figcaption class=\"wp-element-caption\">Fotos: Renell &#8211; Jan. 2020:<\/figcaption><\/figure>\n<\/div>\n<\/div>\n\n\n\n<h4 class=\"wp-block-heading has-text-align-center\">Vielleicht k\u00f6nnen Sie auch eine Geschichte zur Bank, zur Umgebung <br>oder zum Eindruck erz\u00e4hlen?<\/h4>\n\n\n\n<h4 class=\"wp-block-heading has-text-align-center\">Alles bitte an <a href=\"mailto:info@biebertaler-bilderbogen.de\">info@biebertaler-bilderbogen.de<\/a> senden &#8211; und mitteilen, wo die Bank steht (evtl. sogar mit GPS-Daten), damit wir sie in einer Karte verzeichnen k\u00f6nnen.<\/h4>\n\n\n\n<div class=\"wp-block-columns is-layout-flex wp-container-core-columns-is-layout-28f84493 wp-block-columns-is-layout-flex\">\n<div class=\"wp-block-column is-layout-flow wp-block-column-is-layout-flow\" style=\"flex-basis:66.66%\">\n<figure class=\"wp-block-image size-large\"><img loading=\"lazy\" decoding=\"async\" width=\"1024\" height=\"485\" src=\"https:\/\/fellingshausen.bibibo.info\/wp-content\/uploads\/2023\/09\/photo_2023-09-23_18-16-33-1024x485.jpg\" alt=\"\" class=\"wp-image-12624\" srcset=\"https:\/\/fellingshausen.bibibo.info\/wp-content\/uploads\/2023\/09\/photo_2023-09-23_18-16-33-1024x485.jpg 1024w, https:\/\/fellingshausen.bibibo.info\/wp-content\/uploads\/2023\/09\/photo_2023-09-23_18-16-33-300x142.jpg 300w, https:\/\/fellingshausen.bibibo.info\/wp-content\/uploads\/2023\/09\/photo_2023-09-23_18-16-33-768x364.jpg 768w, https:\/\/fellingshausen.bibibo.info\/wp-content\/uploads\/2023\/09\/photo_2023-09-23_18-16-33.jpg 1280w\" sizes=\"auto, (max-width: 1024px) 100vw, 1024px\" \/><\/figure>\n<\/div>\n\n\n\n<div class=\"wp-block-column is-layout-flow wp-block-column-is-layout-flow\" style=\"flex-basis:33.33%\">\n<p>Inzwischen (2023) wurde diese sch\u00f6ne Bank durch die nebenstehend zu sehende schlichte Bank ausgetauscht.<\/p>\n<\/div>\n<\/div>\n\n\n\n<hr class=\"wp-block-separator has-css-opacity is-style-wide\"\/>\n\n\n\n<h3 class=\"wp-block-heading\">Wie es zu der Idee kam:&nbsp;<\/h3>\n\n\n\n<p><strong>50 Jahre Gemeinde Biebertal<\/strong>, Corona-Krise, ausgefallene Veranstaltungen und Grenzwanderungen usw. <br><br><strong>Individuell lohnt es<\/strong> jedoch, unsere sch\u00f6ne Gegend zu Fu\u00df oder mit dem Rad zu erkunden. &#8230; An vielen Stellen finden sich Sitzb\u00e4nke, die zur Rast einladen und zugleich ein beeindruckendes Panorama bieten.<\/p>\n\n\n\n<p>So haben wir uns auf unserer Geburtstagsfeier zum 1. Bilderbogen-Geburtstag im Sommer 2020,&nbsp;<br>alternativ zu den <strong>Grenzwanderungen&nbsp;<\/strong>eine&nbsp;Bank-\u201eChallenge\u201c ausgedacht, um Biebertal von verschiedenen Blickpunkten aus zu zeigen und kennenzulernen.<\/p>\n\n\n\n<p><strong>Grenzen <\/strong>bilden immer einen Innen und ein Au\u00dfen; wobei die Gemeindegrenze zugleich Abgrenzung, wie auch Kontaktm\u00f6glichkeit und Verbundenheit mit anderem erm\u00f6glicht.<br>Biebertal, als ein Ortegemeinwesen, bildet gegen\u00fcber den Nachbargemeinden einen Innenraum und grenzt sich gegen andere Gemeinden ab, konkurriert oder kooperiert mit ihnen. Zugleich zeigen sich auch im Binnenraum noch immer die althergebrachten Grenzen der einzelnen Ortschaften als \u201emagische\u201c Grenzen zwischen den D\u00f6rfern, die konkurrieren oder \/ und zusammenarbeiten.<br><strong>Mit unserer Challenge hoffen wir <\/strong>dazu beizutragen, diese Grenzen durchl\u00e4ssiger zu erleben, indem wir die <strong>Sch\u00f6nheiten unsere Gemeinde als Ganzes <\/strong>zur Ansicht bringen.<br><strong>B\u00e4nke&nbsp;<\/strong>sind &#8211; auch als Symbol &#8211; einerseits station\u00e4r, bieten Gelegenheit zur Rast, Ruhe und Einkehr, wie sie zugleich auch zum &#8222;Wandern lassen&#8220; des Blickes und zur Bewegung einladen; neue Perspektiven er\u00f6ffnen. An so manchem Punkt mit einer Bank in unserem sch\u00f6nen Biebertal ist man froh, wenn man ein Fernglas bei sich hat, um das Eine oder Andere intensiver in den Blick nehmen zu k\u00f6nnen. Denn Biebertal bietet sehr viele B\u00e4nke, die noch mehr sch\u00f6ne Ansichten unserer Gemeinde frei geben.<\/p>\n\n\n\n<p><strong>Mit unserer Challenge entsteht <\/strong>eine zunehmende Galerie neuer Ansichten und Einsichten in unsere wundersch\u00f6ne Landschaft und Natur und erbringt hoffentlich im Laufe der Zeit auch zunehmend erz\u00e4hlte Eindr\u00fccke und interessante Geschichten zu den Ortsteilen.<br><strong>Zudem hoffen wir<\/strong>, zu Erkundungstouren anzuregen, da der reale Anblick immer viel mehr, anderes, besonderes und eigenes vermittelt, als es Fotos oder Videos k\u00f6nnen.<\/p>\n\n\n\n<hr class=\"wp-block-separator has-css-opacity is-style-wide\"\/>\n\n\n\n<h2 class=\"wp-block-heading\"><a href=\"https:\/\/fellingshausen.bibibo.info\/bank-challenge-die-eigen-gemeinde-kennenlernen\/\" target=\"_blank\" rel=\"noreferrer noopener\">Aufl\u00f6sung der Challenge <\/a><br>mit Blick auf B\u00e4nke und deren Ausblicke in die Landschaft<\/h2>\n\n\n\n<p>unten weitere<strong> GPS-Kartenlokalisation <\/strong><\/p>\n\n\n\n<div class=\"wp-block-columns is-layout-flex wp-container-core-columns-is-layout-28f84493 wp-block-columns-is-layout-flex\">\n<div class=\"wp-block-column is-layout-flow wp-block-column-is-layout-flow\">\n<p>&#8211; <a rel=\"noreferrer noopener\" href=\"https:\/\/sehenswert.biebertaler-bilderbogen.de\/bank-nr-1\/\" target=\"_blank\">Bank &#8211; oberhalb vom Burgblick<\/a><br>&#8211; <a rel=\"noreferrer noopener\" href=\"https:\/\/sehenswert.biebertaler-bilderbogen.de\/bank-am-vetzberger-wald\/\" target=\"_blank\">B\u00e4nke am &#8222;Vetzberger Wald&#8220;<\/a><br>&#8211; <a rel=\"noreferrer noopener\" href=\"https:\/\/sehenswert.biebertaler-bilderbogen.de\/?p=136&amp;preview=true\" target=\"_blank\">Bank am Mammutbaum<\/a> (am KR-Weg)<br>&#8211; <a rel=\"noreferrer noopener\" href=\"https:\/\/sehenswert.biebertaler-bilderbogen.de\/?p=142&amp;preview=true\" target=\"_blank\">B\u00e4nke auf dem Friedhof in Fellingshausen<\/a><br>&#8211; <a rel=\"noreferrer noopener\" href=\"https:\/\/sehenswert.biebertaler-bilderbogen.de\/bank-nr-17-marschallstrasse\/\" target=\"_blank\">Bank an der Marschallstra\u00dfe<\/a><br>&#8211; <a rel=\"noreferrer noopener\" href=\"https:\/\/sehenswert.biebertaler-bilderbogen.de\/?p=161&amp;preview=true\" target=\"_blank\">Bank am Hohlgarten<\/a><br>&#8211; <a rel=\"noreferrer noopener\" href=\"https:\/\/sehenswert.biebertaler-bilderbogen.de\/?p=144&amp;preview=true\" target=\"_blank\">Bank am unteren Radweg nach Rodheim<\/a><br>&#8211; <a rel=\"noreferrer noopener\" href=\"https:\/\/sehenswert.biebertaler-bilderbogen.de\/bank-nr-9-links-vom-keltentor-am-kr-weg\/\" target=\"_blank\">Bank linkerhand vom Hotel &#8222;Am Keltentor&#8220;<\/a> <br>(am KR = Keltern-R\u00f6mer-Weg)<\/p>\n<\/div>\n<\/div>\n","protected":false},"excerpt":{"rendered":"<p>Ganz unten auf dieser Seite finden Sie die Bildergalerie mit Aufl\u00f6sungen und Karten Die Idee der Bank-Challenge: Fotografieren Sie eine Bank in unserem sch\u00f6nen Biebertal \u2026 Dann setzten Sie sich darauf und fertigen ein\/einige Fotos oder ein Panoramavideo an &#8230; Vielleicht k\u00f6nnen Sie auch eine Geschichte zur Bank, zur Umgebung [&hellip;]<\/p>\n","protected":false},"author":3,"featured_media":0,"parent":0,"menu_order":0,"comment_status":"closed","ping_status":"closed","template":"","meta":{"inspiro_page_layout":"narrow","inspiro_hide_title":false,"footnotes":""},"class_list":["post-390","page","type-page","status-publish","hentry"],"_links":{"self":[{"href":"https:\/\/fellingshausen.bibibo.info\/index.php?rest_route=\/wp\/v2\/pages\/390","targetHints":{"allow":["GET"]}}],"collection":[{"href":"https:\/\/fellingshausen.bibibo.info\/index.php?rest_route=\/wp\/v2\/pages"}],"about":[{"href":"https:\/\/fellingshausen.bibibo.info\/index.php?rest_route=\/wp\/v2\/types\/page"}],"author":[{"embeddable":true,"href":"https:\/\/fellingshausen.bibibo.info\/index.php?rest_route=\/wp\/v2\/users\/3"}],"replies":[{"embeddable":true,"href":"https:\/\/fellingshausen.bibibo.info\/index.php?rest_route=%2Fwp%2Fv2%2Fcomments&post=390"}],"version-history":[{"count":21,"href":"https:\/\/fellingshausen.bibibo.info\/index.php?rest_route=\/wp\/v2\/pages\/390\/revisions"}],"predecessor-version":[{"id":12626,"href":"https:\/\/fellingshausen.bibibo.info\/index.php?rest_route=\/wp\/v2\/pages\/390\/revisions\/12626"}],"wp:attachment":[{"href":"https:\/\/fellingshausen.bibibo.info\/index.php?rest_route=%2Fwp%2Fv2%2Fmedia&parent=390"}],"curies":[{"name":"wp","href":"https:\/\/api.w.org\/{rel}","templated":true}]}}