{"id":305,"date":"2020-05-31T21:02:22","date_gmt":"2020-05-31T21:02:22","guid":{"rendered":"http:\/\/fellingshausen.bibibo.info\/?page_id=305"},"modified":"2024-11-14T16:15:20","modified_gmt":"2024-11-14T14:15:20","slug":"ueberblick","status":"publish","type":"page","link":"https:\/\/fellingshausen.bibibo.info\/?page_id=305","title":{"rendered":"\u00dcbersicht"},"content":{"rendered":"\n<p class=\"has-text-align-center\"><strong>Fellingshausen<\/strong>&nbsp;ist der zweitgr\u00f6\u00dfte Ortsteil der Gemeinde&nbsp;Biebertal. Der Ort liegt im Tal des&nbsp;<a href=\"https:\/\/de.wikipedia.org\/wiki\/Bieber_(Lahn)\" target=\"_blank\" rel=\"noreferrer noopener\"><em><strong>Bieber<\/strong><\/em><\/a>, einem Nebenfluss des&nbsp;<em>Kehlbach<\/em>&nbsp;am S\u00fcdostfu\u00dfe des 498&nbsp;m hohen&nbsp;<a href=\"https:\/\/de.wikipedia.org\/wiki\/D%C3%BCnsberg\"><strong>D\u00fcnsberges<\/strong><\/a>, dem h\u00f6chsten Punkt der Gemarkung. <br><strong>Mehr dazu am unteren Ende dieser Seite.<\/strong><\/p>\n\n\n\n<div class=\"wp-block-columns is-layout-flex wp-container-core-columns-is-layout-28f84493 wp-block-columns-is-layout-flex\">\n<div class=\"wp-block-column is-layout-flow wp-block-column-is-layout-flow\">\n<h3 class=\"wp-block-heading has-text-align-center\"><a rel=\"noreferrer noopener\" href=\"https:\/\/fellingshausen.bibibo.info\/informationen\/\" target=\"_blank\">Aktuelles<\/a><\/h3>\n\n\n\n<figure class=\"wp-block-image size-full\"><img loading=\"lazy\" decoding=\"async\" width=\"1000\" height=\"750\" src=\"https:\/\/fellingshausen.bibibo.info\/wp-content\/uploads\/2021\/10\/Wochenmarkt-Schild.jpg\" alt=\"\" class=\"wp-image-11290\" srcset=\"https:\/\/fellingshausen.bibibo.info\/wp-content\/uploads\/2021\/10\/Wochenmarkt-Schild.jpg 1000w, https:\/\/fellingshausen.bibibo.info\/wp-content\/uploads\/2021\/10\/Wochenmarkt-Schild-300x225.jpg 300w, https:\/\/fellingshausen.bibibo.info\/wp-content\/uploads\/2021\/10\/Wochenmarkt-Schild-768x576.jpg 768w\" sizes=\"auto, (max-width: 1000px) 100vw, 1000px\" \/><\/figure>\n\n\n\n<h6 class=\"wp-block-heading has-text-align-center\"><strong><a href=\"https:\/\/vg-fellingshausen.de\/feste\/vereins-termine-2024\/\" data-type=\"link\" data-id=\"https:\/\/vg-fellingshausen.de\/feste\/vereins-termine-2024\/\" target=\"_blank\" rel=\"noreferrer noopener\">Vereins- und Fest-Termine 2024<\/a><\/strong><\/h6>\n\n\n\n<hr class=\"wp-block-separator has-alpha-channel-opacity\"\/>\n\n\n\n<h2 class=\"wp-block-heading has-text-align-center\"><strong><a href=\"https:\/\/fellingshausen.bibibo.info\/veranstaltungen\/\" target=\"_blank\" rel=\"noreferrer noopener\">Feste<\/a><\/strong><\/h2>\n\n\n\n<figure class=\"wp-block-image aligncenter size-large is-resized\"><img loading=\"lazy\" decoding=\"async\" width=\"1024\" height=\"768\" src=\"https:\/\/fellingshausen.bibibo.info\/wp-content\/uploads\/2023\/10\/20190825_110251-1024x768.jpg\" alt=\"\" class=\"wp-image-12692\" style=\"width:209px;height:auto\" srcset=\"https:\/\/fellingshausen.bibibo.info\/wp-content\/uploads\/2023\/10\/20190825_110251-1024x768.jpg 1024w, https:\/\/fellingshausen.bibibo.info\/wp-content\/uploads\/2023\/10\/20190825_110251-300x225.jpg 300w, https:\/\/fellingshausen.bibibo.info\/wp-content\/uploads\/2023\/10\/20190825_110251-768x576.jpg 768w, https:\/\/fellingshausen.bibibo.info\/wp-content\/uploads\/2023\/10\/20190825_110251-1536x1152.jpg 1536w, https:\/\/fellingshausen.bibibo.info\/wp-content\/uploads\/2023\/10\/20190825_110251-2048x1536.jpg 2048w\" sizes=\"auto, (max-width: 1024px) 100vw, 1024px\" \/><\/figure>\n\n\n\n<p class=\"has-text-align-center\"><strong>Brunnenfest<br>Festumz\u00fcge<br>Kinder- und Jugendtag<br>Krippenweg<br>Rocknacht (ehedem)<br>Sonnwendfeuer<br>Volkstrauertag-Gedenken<br>Waldfest<br>Weinfest<br>Weihnachtsdorf<\/strong><\/p>\n\n\n\n<hr class=\"wp-block-separator has-alpha-channel-opacity\"\/>\n\n\n\n<h2 class=\"wp-block-heading has-text-align-center\"><a href=\"https:\/\/fellingshausen.bibibo.info\/sehenswuerdigkeiten\/\" target=\"_blank\" rel=\"noreferrer noopener\">Sehenswert<\/a><\/h2>\n\n\n\n<figure class=\"wp-block-image aligncenter size-full\"><img loading=\"lazy\" decoding=\"async\" width=\"170\" height=\"254\" src=\"https:\/\/fellingshausen.bibibo.info\/wp-content\/uploads\/2023\/10\/Brunnen-Fellingshausen.png\" alt=\"\" class=\"wp-image-12668\"\/><\/figure>\n\n\n\n<p><strong><a href=\"https:\/\/fellingshausen.bibibo.info\/dorfmittelpunkt\/\" target=\"_blank\" rel=\"noreferrer noopener\">Dorfmittelpunkt <\/a>mit Dorfbrunnen<br>ev. Kirche und Backhaus<br><a href=\"https:\/\/fellingshausen.bibibo.info\/sehr-selten-und-erhaltenswert\/\" target=\"_blank\" rel=\"noreferrer noopener\">Buchsbaumhecke <\/a><br>D\u00fcnsbergt\u00fcrme<br><a href=\"https:\/\/fellingshausen.bibibo.info\/fliegerdenkmal\/\" target=\"_blank\" rel=\"noreferrer noopener\">Fliegerdenkmal<\/a><br><a href=\"https:\/\/fellingshausen.bibibo.info\/kelten-und-roemer-pfad\/\" target=\"_blank\" rel=\"noreferrer noopener\">Kelten- und R\u00f6mer-Pfad<\/a><br>Keltentor und Keltengeh\u00f6ft<br>Krippenweg<br><a href=\"https:\/\/natur.biebertaler-bilderbogen.de\/kunstweg-am-duensberg\/\" target=\"_blank\" rel=\"noreferrer noopener\">Kunstpfad am D\u00fcnsberg<\/a><br><a href=\"https:\/\/fellingshausen.bibibo.info\/lapidarium-grenzsteingarten\/\" target=\"_blank\" rel=\"noreferrer noopener\">Lapidarium<\/a><br><a href=\"https:\/\/fellingshausen.bibibo.info\/mammut-baum\/\" target=\"_blank\" rel=\"noreferrer noopener\">Mammutbaum<\/a><br>stummes Loch<br><a href=\"https:\/\/fellingshausen.bibibo.info\/toteneiche\/\" target=\"_blank\" rel=\"noreferrer noopener\">Toteneiche<\/a><\/strong><\/p>\n\n\n\n<p><strong>Ausblicke auf unser sch\u00f6nes Dorf &#8230; <br><a href=\"https:\/\/fellingshausen.bibibo.info\/bank-challange-bildergalerie-fellingshausen\/\" target=\"_blank\" rel=\"noreferrer noopener\">Bank-Perspektiven<\/a><\/strong><a href=\"https:\/\/fellingshausen.bibibo.info\/bank-challange-bildergalerie-fellingshausen\/\" target=\"_blank\" rel=\"noreferrer noopener\"> <\/a><\/p>\n<\/div>\n\n\n\n<div class=\"wp-block-column is-layout-flow wp-block-column-is-layout-flow\">\n<h3 class=\"wp-block-heading has-text-align-center\">Beitr\u00e4ge <br>aus den Jahren<\/h3>\n\n\n\n<figure class=\"wp-block-image aligncenter size-full is-resized\"><img loading=\"lazy\" decoding=\"async\" width=\"263\" height=\"184\" src=\"https:\/\/fellingshausen.bibibo.info\/wp-content\/uploads\/2023\/10\/Screenshot-2022-03-13-163955.jpg\" alt=\"\" class=\"wp-image-12663\" style=\"width:243px;height:auto\"\/><\/figure>\n\n\n\n<div class=\"wp-block-columns is-layout-flex wp-container-core-columns-is-layout-28f84493 wp-block-columns-is-layout-flex\">\n<div class=\"wp-block-column is-layout-flow wp-block-column-is-layout-flow\">\n<p class=\"has-text-align-center\">aus dem <strong>Dorf<\/strong><\/p>\n<\/div>\n\n\n\n<div class=\"wp-block-column is-layout-flow wp-block-column-is-layout-flow\">\n<p class=\"has-text-align-center\">aus der <strong>Politik<\/strong><\/p>\n<\/div>\n\n\n\n<div class=\"wp-block-column is-layout-flow wp-block-column-is-layout-flow\">\n<p class=\"has-text-align-center\">aus den <strong>Vereinen<\/strong><\/p>\n<\/div>\n<\/div>\n\n\n\n<h5 class=\"wp-block-heading has-text-align-center\">Text <a href=\"https:\/\/fellingshausen.bibibo.info\/beitragschronik-2025\/\" data-type=\"link\" data-id=\"https:\/\/fellingshausen.bibibo.info\/beitragschronik-2025\/\">2025<\/a><br>Text <a href=\"https:\/\/fellingshausen.bibibo.info\/beitrags-chronik-2023-2\/\" data-type=\"link\" data-id=\"https:\/\/fellingshausen.bibibo.info\/beitrags-chronik-2023-2\/\" target=\"_blank\" rel=\"noreferrer noopener\">2024<\/a> <br>Text <a href=\"https:\/\/fellingshausen.bibibo.info\/beitrags-chronik-2023\/\" data-type=\"link\" data-id=\"https:\/\/fellingshausen.bibibo.info\/beitrags-chronik-2023\/\" target=\"_blank\" rel=\"noreferrer noopener\">2023<\/a> <br>Text <a href=\"https:\/\/fellingshausen.bibibo.info\/beitrags-chronik-2022\/\" data-type=\"link\" data-id=\"https:\/\/fellingshausen.bibibo.info\/beitrags-chronik-2022\/\" target=\"_blank\" rel=\"noreferrer noopener\">2022<\/a> <br> Text <a href=\"https:\/\/fellingshausen.bibibo.info\/beitrags-chronik-2021\/\" data-type=\"link\" data-id=\"https:\/\/fellingshausen.bibibo.info\/beitrags-chronik-2021\/\" target=\"_blank\" rel=\"noreferrer noopener\">2021<\/a> + <a href=\"https:\/\/fellingshausen.bibibo.info\/wp-admin\/post.php?post=11495&amp;action=edit\" data-type=\"link\" data-id=\"https:\/\/fellingshausen.bibibo.info\/wp-admin\/post.php?post=11495&amp;action=edit\" target=\"_blank\" rel=\"noreferrer noopener\"><strong>mit Bildern<\/strong><\/a><br>Text <a href=\"https:\/\/fellingshausen.bibibo.info\/beitrags-chronik-2020\/\" data-type=\"link\" data-id=\"https:\/\/fellingshausen.bibibo.info\/beitrags-chronik-2020\/\" target=\"_blank\" rel=\"noreferrer noopener\">2020<\/a> + <a href=\"https:\/\/fellingshausen.bibibo.info\/beitraege-2020\/\" data-type=\"link\" data-id=\"https:\/\/fellingshausen.bibibo.info\/beitraege-2020\/\" target=\"_blank\" rel=\"noreferrer noopener\"><strong>mit Bildern<\/strong><\/a><br><a href=\"https:\/\/fellingshausen.bibibo.info\/beitraege-aus-2019-2018-2017-2011\/\" data-type=\"link\" data-id=\"https:\/\/fellingshausen.bibibo.info\/beitraege-aus-2019-2018-2017-2011\/\" target=\"_blank\" rel=\"noreferrer noopener\">2019 <\/a>und davor + <strong><a href=\"https:\/\/fellingshausen.bibibo.info\/uebersicht-der-beitraege-2019\/\" data-type=\"link\" data-id=\"https:\/\/fellingshausen.bibibo.info\/uebersicht-der-beitraege-2019\/\" target=\"_blank\" rel=\"noreferrer noopener\">mit Bildern<\/a><\/strong><\/h5>\n\n\n\n<hr class=\"wp-block-separator has-alpha-channel-opacity\"\/>\n\n\n\n<h2 class=\"wp-block-heading has-text-align-center\"><a href=\"https:\/\/fellingshausen.bibibo.info\/vereine\/\" target=\"_blank\" rel=\"noreferrer noopener\">Vereine<\/a><\/h2>\n\n\n\n<p><img decoding=\"async\" src=\"https:\/\/fellingshausen.bibibo.info\/wp-content\/uploads\/2020\/05\/image-30.png\" alt=\"Dieses Bild hat ein leeres Alt-Attribut. Der Dateiname ist image-30.png\"><\/p>\n\n\n\n<p style=\"font-size:14px\"><a href=\"https:\/\/fellingshausen.bibibo.info\/die-10-vereine-der-vereinsgemeinschaft-fellingshausen\/\" target=\"_blank\" rel=\"noreferrer noopener\">Vereinsgemeinschaft Fellingshausen <\/a><br>+ <a href=\"https:\/\/vg-fellingshausen.de\/\" target=\"_blank\" rel=\"noreferrer noopener\"><strong>https:\/\/vg-fellingshausen.de<\/strong><\/a><br><\/p>\n\n\n\n<p style=\"font-size:14px\"><strong>Altburschen \u201eVierjahreszeiten\u201c<br><a href=\"http:\/\/amc-rodheim-bieber.de\/\" target=\"_blank\" rel=\"noreferrer noopener\">AMC Rodheim-Bieber<\/a><br>Angelsportverein Fellingshausen e.V.&nbsp;<br><a href=\"http:\/\/www.archaeologie-im-gleiberger-land.de\/\" target=\"_blank\" rel=\"noreferrer noopener\">Arch\u00e4ologie im Gleiberger Land e.V.<\/a><br><a href=\"https:\/\/biebertalerschach.wixsite.com\/biebertalerschach\" target=\"_blank\" rel=\"noreferrer noopener\">Biebertaler Schachfreunde e.V.<\/a><br><a href=\"https:\/\/www.bsv-biebertal.de\/\" target=\"_blank\" rel=\"noreferrer noopener\">BSV<\/a> Breitensportverein Biebertal e.V.<br><a href=\"https:\/\/bums.fellingshausen.de\/\" target=\"_blank\" rel=\"noreferrer noopener\">Burschenschaft und M\u00e4dchenschaft (BuMs) \u201eF\u00fcchse\u201c Fellingshausen<\/a><br>F\u00f6rder- u. Freundeskreis Grundschule Fellingshausen<br>Gesangverein Concordia Fellingshausen (ehemals)<br><a href=\"https:\/\/fellingshausen.bibibo.info\/25-jahre-natur-und-vogelschutzverein-fellingshausen\/\" target=\"_blank\" rel=\"noreferrer noopener\">Natur- u. Vogelschutzverein Fellingshausen<\/a><br><a href=\"https:\/\/www.tsv-fellingshausen.de\/\" target=\"_blank\" rel=\"noreferrer noopener\">TSV <\/a>Turn- und Sportverein Fellingshausen<br>VDK <a href=\"https:\/\/www.vdk.de\/ov-biebertal\/\" target=\"_blank\" rel=\"noreferrer noopener\">Ortsverband Biebertal<\/a><\/strong><\/p>\n<\/div>\n\n\n\n<div class=\"wp-block-column is-layout-flow wp-block-column-is-layout-flow\">\n<h3 class=\"wp-block-heading has-text-align-center\">Geschichte<\/h3>\n\n\n\n<figure class=\"wp-block-image aligncenter size-full\"><img loading=\"lazy\" decoding=\"async\" width=\"168\" height=\"201\" src=\"https:\/\/fellingshausen.bibibo.info\/wp-content\/uploads\/2023\/10\/Grube-Friedberg-Eingang-wikipedia.png\" alt=\"\" class=\"wp-image-12664\"\/><\/figure>\n\n\n\n<p class=\"has-text-align-center\">&#8211; <a href=\"https:\/\/geschichte.biebertaler-bilderbogen.de\/\" target=\"_blank\" rel=\"noreferrer noopener\"><strong>Ausgrabungen Keltenberg<\/strong><\/a><br>&#8211; <a href=\"https:\/\/natur.biebertaler-bilderbogen.de\/der-elisabethenpfad\/\" target=\"_blank\" rel=\"noreferrer noopener\"><strong>Elisabethenpfad<\/strong><\/a><br>&#8211; <a href=\"https:\/\/de.wikipedia.org\/wiki\/Westfalenweg\" target=\"_blank\" rel=\"noreferrer noopener\"><strong>Westfalenweg<\/strong><\/a><br>&#8211; <strong><a href=\"https:\/\/fellingshausen.bibibo.info\/?s=grubenweg\" data-type=\"link\" data-id=\"https:\/\/fellingshausen.bibibo.info\/?s=grubenweg\" target=\"_blank\" rel=\"noreferrer noopener\">Grubenweg<\/a><\/strong><br>&#8211; <strong><a href=\"https:\/\/geschichte.biebertaler-bilderbogen.de\/grube-abendstern\/\" target=\"_blank\" rel=\"noreferrer noopener\">Grube Abendstern<\/a><br><\/strong>&#8211; <strong><a href=\"https:\/\/www.chronik-fellingshausen.de\/www.chronik-fellingshausen.de\/bergbau.html\" target=\"_blank\" rel=\"noreferrer noopener\">Grube Eleonore<\/a><br><\/strong>&#8211; <strong><a href=\"https:\/\/www.chronik-fellingshausen.de\/www.chronik-fellingshausen.de\/bergbau.html\" target=\"_blank\" rel=\"noreferrer noopener\">Grube Meilhardt<\/a><br><\/strong>&#8211; <strong><a href=\"https:\/\/www.chronik-fellingshausen.de\/www.chronik-fellingshausen.de\/bergbau.html\" target=\"_blank\" rel=\"noreferrer noopener\">Grube Elisabeth<\/a><br><\/strong>&#8211;<strong> <a href=\"https:\/\/fellingshausen.bibibo.info\/grube-friedberg\/\" target=\"_blank\" rel=\"noreferrer noopener\">Grube Friedberg<\/a><\/strong><\/p>\n\n\n\n<h6 class=\"wp-block-heading has-text-align-center\">&#8211; <a href=\"https:\/\/www.chronik-fellingshausen.de\/\" target=\"_blank\" rel=\"noreferrer noopener\">Chronik<\/a> <\/h6>\n\n\n\n<figure class=\"wp-block-image size-large\"><a href=\"https:\/\/www.chronik-fellingshausen.de\/www.chronik-fellingshausen.de\/index.html\"><img loading=\"lazy\" decoding=\"async\" width=\"1024\" height=\"150\" src=\"https:\/\/fellingshausen.bibibo.info\/wp-content\/uploads\/2023\/10\/Chronik-2023-10-16-134831-1024x150.png\" alt=\"\" class=\"wp-image-12642\" srcset=\"https:\/\/fellingshausen.bibibo.info\/wp-content\/uploads\/2023\/10\/Chronik-2023-10-16-134831-1024x150.png 1024w, https:\/\/fellingshausen.bibibo.info\/wp-content\/uploads\/2023\/10\/Chronik-2023-10-16-134831-300x44.png 300w, https:\/\/fellingshausen.bibibo.info\/wp-content\/uploads\/2023\/10\/Chronik-2023-10-16-134831-768x112.png 768w, https:\/\/fellingshausen.bibibo.info\/wp-content\/uploads\/2023\/10\/Chronik-2023-10-16-134831.png 1033w\" sizes=\"auto, (max-width: 1024px) 100vw, 1024px\" \/><\/a><\/figure>\n\n\n\n<p class=\"has-text-align-center\"><strong>dort bitte im Men\u00fc <\/strong><br><strong>die gew\u00fcnschten Kapitel anklicken<\/strong><\/p>\n\n\n\n<h6 class=\"wp-block-heading has-text-align-center\">&#8211; <a href=\"https:\/\/fellingshausen.bibibo.info\/750-jahre-2\/\" target=\"_blank\" rel=\"noreferrer noopener\">750 Jahre <\/a><\/h6>\n\n\n\n<figure class=\"wp-block-image aligncenter size-full is-resized\"><img loading=\"lazy\" decoding=\"async\" width=\"652\" height=\"420\" src=\"https:\/\/fellingshausen.bibibo.info\/wp-content\/uploads\/2023\/10\/750-Jahr-Tafel-2023-10-16-133354.png\" alt=\"\" class=\"wp-image-12662\" style=\"width:224px;height:auto\" srcset=\"https:\/\/fellingshausen.bibibo.info\/wp-content\/uploads\/2023\/10\/750-Jahr-Tafel-2023-10-16-133354.png 652w, https:\/\/fellingshausen.bibibo.info\/wp-content\/uploads\/2023\/10\/750-Jahr-Tafel-2023-10-16-133354-300x193.png 300w\" sizes=\"auto, (max-width: 652px) 100vw, 652px\" \/><\/figure>\n\n\n\n<p class=\"has-text-align-center\" style=\"font-size:14px\"><a rel=\"noreferrer noopener\" href=\"https:\/\/fellingshausen.bibibo.info\/die-750-jahre-wand\/\" target=\"_blank\"><strong>Die 750-Jahrwand<\/strong><\/a><br>Brosch\u00fcre: <strong><a rel=\"noreferrer noopener\" href=\"https:\/\/fellingshausen.bibibo.info\/fellingshausen-ein-dorf-voller-leben\/\" target=\"_blank\">Fellingshausen, <\/a><br><a rel=\"noreferrer noopener\" href=\"https:\/\/fellingshausen.bibibo.info\/fellingshausen-ein-dorf-voller-leben\/\" target=\"_blank\">ein Dorf voller Leben<\/a><\/strong><\/p>\n\n\n\n<hr class=\"wp-block-separator has-alpha-channel-opacity\"\/>\n\n\n\n<h2 class=\"wp-block-heading has-text-align-center\"><a href=\"https:\/\/fellingshausen.bibibo.info\/foto-und-video-galerie\/\" target=\"_blank\" rel=\"noreferrer noopener\">Gewerbe<\/a><\/h2>\n\n\n\n<figure class=\"wp-block-image aligncenter size-full is-resized\"><img loading=\"lazy\" decoding=\"async\" width=\"1000\" height=\"750\" src=\"https:\/\/fellingshausen.bibibo.info\/wp-content\/uploads\/2021\/10\/Wochenmarkt-Schild.jpg\" alt=\"\" class=\"wp-image-11290\" style=\"width:203px;height:auto\" srcset=\"https:\/\/fellingshausen.bibibo.info\/wp-content\/uploads\/2021\/10\/Wochenmarkt-Schild.jpg 1000w, https:\/\/fellingshausen.bibibo.info\/wp-content\/uploads\/2021\/10\/Wochenmarkt-Schild-300x225.jpg 300w, https:\/\/fellingshausen.bibibo.info\/wp-content\/uploads\/2021\/10\/Wochenmarkt-Schild-768x576.jpg 768w\" sizes=\"auto, (max-width: 1000px) 100vw, 1000px\" \/><\/figure>\n\n\n\n<p><strong><a href=\"http:\/\/www.derladen3.de\/\" target=\"_blank\" rel=\"noreferrer noopener\">Der Laden # 3<\/a> &#8211; sch\u00f6ne Dinge<br>Fr\u00fchst\u00fccksb\u00e4ckerei Esposito<br>Gastst\u00e4tte &#8222;Zur Post&#8220;<br>Kfz Lindner<br><a href=\"https:\/\/www.landgasthofduensberg.de\/\" data-type=\"link\" data-id=\"https:\/\/www.landgasthofduensberg.de\/\" target=\"_blank\" rel=\"noreferrer noopener\">Landgasthof &#8222;Zum D\u00fcnsberg&#8220;<\/a><br><a href=\"https:\/\/fellingshausen.bibibo.info\/schuhreparatur\/\" target=\"_blank\" rel=\"noreferrer noopener\">Schuhreparatur<\/a><br>Tiernahrung <a href=\"https:\/\/www.facebook.com\/PetBuddys\/\" target=\"_blank\" rel=\"noreferrer noopener\">Pet Buddys<\/a><br><a href=\"https:\/\/wochenmarkt-fellingshausen.dkcs.de\/\" target=\"_blank\" rel=\"noreferrer noopener\">Wochenmarkt<\/a>&nbsp;mit Flair<\/strong><\/p>\n<\/div>\n<\/div>\n\n\n\n<p><strong>Fellingshausen<\/strong>&nbsp;ist der zweitgr\u00f6\u00dfte Ortsteil der Gemeinde&nbsp;Biebertal. Der Ort liegt im Tal des&nbsp;<a href=\"https:\/\/de.wikipedia.org\/wiki\/Bieber_(Lahn)\" target=\"_blank\" rel=\"noreferrer noopener\"><em><strong>Bieber<\/strong><\/em><\/a>, einem Nebenfluss des&nbsp;<em>Kehlbach<\/em>&nbsp;am S\u00fcdostfu\u00dfe des 498&nbsp;m hohen&nbsp;<a href=\"https:\/\/de.wikipedia.org\/wiki\/D%C3%BCnsberg\"><strong>D\u00fcnsberges<\/strong><\/a>, dem h\u00f6chsten Punkt der Gemarkung.<br>Von diesem Berg ist bekannt, der oberste von drei Ringw\u00e4llen der Kelten etwa um 800 v. Chr. erreichtet wurde. Nahe der Abzweigung nach Krumbach an der L3020 wurde ein Keltentor, ein&nbsp;<strong><a href=\"https:\/\/duensberg-verein.de\/keltengehoeft\/\" target=\"_blank\" rel=\"noreferrer noopener\">Keltengeh\u00f6ft&nbsp;<\/a><\/strong>(heute Museum) mit G\u00e4rten nachgebildet. Keltische Ausgrabungssch\u00e4tze sind im&nbsp;<a href=\"https:\/\/www.verein-keltenwelten.de\/keltische-staetten\/biebertal-rodheim-bieber-museum-keltenkeller\/\" target=\"_blank\" rel=\"noreferrer noopener\"><strong>Keltenkeller&nbsp;<\/strong><\/a>im Geb\u00e4ude des Rathauses in Biebertal-Rodheim zu besichtigen. Auf dem Gipfel des D\u00fcnsberges befindet sich ein Aussichtturm und eine Rastst\u00e4tte. Auf dem Weg dorthin kann man u.a. einen Kunstweg mit Schnitz-Skulpturen gehen oder auf historischen Wegen wandeln.<br>Im Ortskern findet man, nahe dem Dorfbrunnen und der Dorflinde an der Gladenbacher Stra\u00dfe, die 1899 erbaute ev., im Jugendstil erbaute Kirche. In erhaltenen Urkunden wurde Fellingshausen unter den Namen&nbsp;<em>Velinghishusin<\/em>&nbsp;(1263),&nbsp;<em>Fellenkusen<\/em>&nbsp;(1344) und&nbsp;<em>Fellinxhusen<\/em>&nbsp;(1470)&nbsp;erw\u00e4hnt.<br>Ende 2023 hatten wir 1.729 Einwohner, einen Kindergarten, eine Grundschule und 13 Vereine.<br>Fellingshausen liegt 10&nbsp;km von&nbsp;<strong><a href=\"https:\/\/de.wikipedia.org\/wiki\/Gie%C3%9Fen\">Gie\u00dfen<\/a>&nbsp;<\/strong>und 14&nbsp;km von&nbsp;<strong><a href=\"https:\/\/de.wikipedia.org\/wiki\/Wetzlar\">Wetzlar<\/a>&nbsp;<\/strong>entfernt, s\u00fcdwestlich angrenzend an eines der gr\u00f6\u00dften zusammenh\u00e4ngenden Waldgebiete Hessens, den&nbsp;<a href=\"https:\/\/de.wikipedia.org\/wiki\/Krofdorfer_Forst\"><strong>Krofdorfer Forst<\/strong><\/a>&nbsp;(<em>auch Preu\u00dfischer Wald<\/em>).&nbsp;<\/p>\n\n\n\n<p style=\"font-size:12px\"><strong>Quelle: wikipedia <a href=\"https:\/\/de.wikipedia.org\/wiki\/Fellingshausen\" target=\"_blank\" rel=\"noreferrer noopener\">Fellingshausen<\/a><\/strong><\/p>\n","protected":false},"excerpt":{"rendered":"<p>Fellingshausen&nbsp;ist der zweitgr\u00f6\u00dfte Ortsteil der Gemeinde&nbsp;Biebertal. Der Ort liegt im Tal des&nbsp;Bieber, einem Nebenfluss des&nbsp;Kehlbach&nbsp;am S\u00fcdostfu\u00dfe des 498&nbsp;m hohen&nbsp;D\u00fcnsberges, dem h\u00f6chsten Punkt der Gemarkung. Mehr dazu am unteren Ende dieser Seite. Aktuelles Vereins- und Fest-Termine 2024 Feste BrunnenfestFestumz\u00fcgeKinder- und JugendtagKrippenwegRocknacht (ehedem)SonnwendfeuerVolkstrauertag-GedenkenWaldfestWeinfestWeihnachtsdorf Sehenswert Dorfmittelpunkt mit Dorfbrunnenev. Kirche und BackhausBuchsbaumhecke D\u00fcnsbergt\u00fcrmeFliegerdenkmalKelten- und [&hellip;]<\/p>\n","protected":false},"author":3,"featured_media":0,"parent":0,"menu_order":0,"comment_status":"closed","ping_status":"closed","template":"","meta":{"inspiro_page_layout":"narrow","inspiro_hide_title":false,"footnotes":""},"class_list":["post-305","page","type-page","status-publish","hentry"],"_links":{"self":[{"href":"https:\/\/fellingshausen.bibibo.info\/index.php?rest_route=\/wp\/v2\/pages\/305","targetHints":{"allow":["GET"]}}],"collection":[{"href":"https:\/\/fellingshausen.bibibo.info\/index.php?rest_route=\/wp\/v2\/pages"}],"about":[{"href":"https:\/\/fellingshausen.bibibo.info\/index.php?rest_route=\/wp\/v2\/types\/page"}],"author":[{"embeddable":true,"href":"https:\/\/fellingshausen.bibibo.info\/index.php?rest_route=\/wp\/v2\/users\/3"}],"replies":[{"embeddable":true,"href":"https:\/\/fellingshausen.bibibo.info\/index.php?rest_route=%2Fwp%2Fv2%2Fcomments&post=305"}],"version-history":[{"count":98,"href":"https:\/\/fellingshausen.bibibo.info\/index.php?rest_route=\/wp\/v2\/pages\/305\/revisions"}],"predecessor-version":[{"id":13465,"href":"https:\/\/fellingshausen.bibibo.info\/index.php?rest_route=\/wp\/v2\/pages\/305\/revisions\/13465"}],"wp:attachment":[{"href":"https:\/\/fellingshausen.bibibo.info\/index.php?rest_route=%2Fwp%2Fv2%2Fmedia&parent=305"}],"curies":[{"name":"wp","href":"https:\/\/api.w.org\/{rel}","templated":true}]}}