{"id":229,"date":"2020-04-15T18:22:48","date_gmt":"2020-04-15T18:22:48","guid":{"rendered":"http:\/\/fellingshausen.bibibo.info\/?page_id=229"},"modified":"2020-11-28T15:29:07","modified_gmt":"2020-11-28T15:29:07","slug":"foto-und-video-galerie","status":"publish","type":"page","link":"https:\/\/fellingshausen.bibibo.info\/?page_id=229","title":{"rendered":"Gewerbe"},"content":{"rendered":"\n<p class=\"has-medium-font-size\"><strong>in alphabetischer Reihenfolge<\/strong><\/p>\n\n\n\n<p class=\"has-medium-font-size\">In diesem Foto- und Video-Bilderbuch sollen Sie sich wiederfinden.<br><strong>Wenn Sie sich also bei uns \u00f6ffentlich sehen lassen m\u00f6gen<\/strong>, schicken Sie uns Ihre Daten &#8230; ruhig mit einem kurzen Text dazu \u2026 und einer Einverst\u00e4ndniserkl\u00e4rung (Datenschutz).<br>Wir stellen uns vor, dass Vergangenes wie Aktuelles aus Fellingshausen hier einen Platz bekommt.<\/p>\n\n\n\n<p class=\"has-medium-font-size\">Infos an:&nbsp;<a href=\"mailto:info@biebertaler-bilderbogen.de\">info@biebertaler-bilderbogen.de<\/a><\/p>\n\n\n\n<hr class=\"wp-block-separator is-style-wide\"\/>\n\n\n\n<div class=\"wp-block-columns is-layout-flex wp-container-core-columns-is-layout-28f84493 wp-block-columns-is-layout-flex\">\n<div class=\"wp-block-column is-layout-flow wp-block-column-is-layout-flow\">\n<div class=\"wp-block-columns is-layout-flex wp-container-core-columns-is-layout-28f84493 wp-block-columns-is-layout-flex\">\n<div class=\"wp-block-column is-layout-flow wp-block-column-is-layout-flow\">\n<figure class=\"wp-block-image size-large\"><img loading=\"lazy\" decoding=\"async\" width=\"204\" height=\"300\" src=\"https:\/\/fellingshausen.bibibo.info\/wp-content\/uploads\/2020\/10\/image-4.png\" alt=\"\" class=\"wp-image-651\"\/><\/figure>\n<\/div>\n\n\n\n<div class=\"wp-block-column is-layout-flow wp-block-column-is-layout-flow\">\n<figure class=\"wp-block-image size-large\"><img loading=\"lazy\" decoding=\"async\" width=\"160\" height=\"287\" src=\"https:\/\/fellingshausen.bibibo.info\/wp-content\/uploads\/2020\/10\/image-3.png\" alt=\"\" class=\"wp-image-650\"\/><\/figure>\n<\/div>\n<\/div>\n<\/div>\n\n\n\n<div class=\"wp-block-column is-layout-flow wp-block-column-is-layout-flow\">\n<h5 class=\"wp-block-heading\"><a href=\"http:\/\/www.derladen3.de\/\" target=\"_blank\" rel=\"noreferrer noopener\">Der Laden # 3<\/a> &#8211; Sch\u00f6ne Dinge f\u00fcr den Alltag &#8211; Wohndesign &amp; Accessoires<\/h5>\n\n\n\n<p>Mira Diehl<br>Hintergasse 3<br>35444 Biebertal-Fellingshausen<br>Mail: <a href=\"mailto:info@derladen3.de\" target=\"_blank\" rel=\"noreferrer noopener\">info@derladen3.de<\/a><\/p>\n\n\n\n<p>\u00d6ffnungszeiten<br>MO &#8211; MI geschlossen<br>Do + FR 10-12 &amp; 14-18 Uhr<br>SA 10-14 Uhr<\/p>\n<\/div>\n<\/div>\n\n\n\n<hr class=\"wp-block-separator is-style-wide\"\/>\n\n\n\n<div class=\"wp-block-columns is-layout-flex wp-container-core-columns-is-layout-28f84493 wp-block-columns-is-layout-flex\">\n<div class=\"wp-block-column is-layout-flow wp-block-column-is-layout-flow\">\n<figure class=\"wp-block-image size-large is-resized\"><img loading=\"lazy\" decoding=\"async\" src=\"https:\/\/fellingshausen.bibibo.info\/wp-content\/uploads\/2020\/10\/Fruehstuecksbaeckerei-Esposito.jpg\" alt=\"\" class=\"wp-image-653\" width=\"381\" height=\"444\" srcset=\"https:\/\/fellingshausen.bibibo.info\/wp-content\/uploads\/2020\/10\/Fruehstuecksbaeckerei-Esposito.jpg 408w, https:\/\/fellingshausen.bibibo.info\/wp-content\/uploads\/2020\/10\/Fruehstuecksbaeckerei-Esposito-257x300.jpg 257w\" sizes=\"auto, (max-width: 381px) 100vw, 381px\" \/><\/figure>\n<\/div>\n\n\n\n<div class=\"wp-block-column is-layout-flow wp-block-column-is-layout-flow\">\n<h2 class=\"wp-block-heading\"><strong>Fr\u00fchst\u00fccksb\u00e4ckerei Esposito<\/strong><\/h2>\n\n\n\n<p>Die Grohbach 1<br>35444 Biebertal-Fellingshausen<br>Telefon: 06409 \/ 63 15<\/p>\n\n\n\n<p><strong>\u00d6ffnungszeiten<\/strong><\/p>\n\n\n\n<figure class=\"wp-block-table\"><table><tbody><tr><td>Mittwoch<\/td><td>07:00\u201311:30<\/td><\/tr><tr><td>Donnerstag<\/td><td>Geschlossen<\/td><\/tr><tr><td>Freitag<\/td><td>07:00\u201311:30<\/td><\/tr><tr><td>Samstag<\/td><td>07:00\u201311:30<\/td><\/tr><tr><td>Sonntag<\/td><td>Geschlossen<\/td><\/tr><tr><td>Montag<\/td><td>07:00\u201311:00<\/td><\/tr><tr><td>Dienstag<\/td><td>07:00\u201311:30<\/td><\/tr><\/tbody><\/table><\/figure>\n<\/div>\n<\/div>\n\n\n\n<hr class=\"wp-block-separator is-style-wide\"\/>\n\n\n\n<div class=\"wp-block-columns is-layout-flex wp-container-core-columns-is-layout-28f84493 wp-block-columns-is-layout-flex\">\n<div class=\"wp-block-column is-layout-flow wp-block-column-is-layout-flow\">\n<figure class=\"wp-block-image size-large\"><img loading=\"lazy\" decoding=\"async\" width=\"1024\" height=\"768\" src=\"https:\/\/fellingshausen.bibibo.info\/wp-content\/uploads\/2020\/11\/photo_2020-11-27_Lindner-1024x768.jpg\" alt=\"\" class=\"wp-image-790\" srcset=\"https:\/\/fellingshausen.bibibo.info\/wp-content\/uploads\/2020\/11\/photo_2020-11-27_Lindner-1024x768.jpg 1024w, https:\/\/fellingshausen.bibibo.info\/wp-content\/uploads\/2020\/11\/photo_2020-11-27_Lindner-300x225.jpg 300w, https:\/\/fellingshausen.bibibo.info\/wp-content\/uploads\/2020\/11\/photo_2020-11-27_Lindner-768x576.jpg 768w, https:\/\/fellingshausen.bibibo.info\/wp-content\/uploads\/2020\/11\/photo_2020-11-27_Lindner.jpg 1280w\" sizes=\"auto, (max-width: 1024px) 100vw, 1024px\" \/><\/figure>\n<\/div>\n\n\n\n<div class=\"wp-block-column is-layout-flow wp-block-column-is-layout-flow\">\n<h5 class=\"wp-block-heading\">KFZ- Meisterbetrieb Bernhard Lindner<\/h5>\n\n\n\n<p>Rodheimer Stra\u00dfe 6<br>35444 Biebertal-Fellingshausen<br>Telefon: 06409 \/ 28 72<br>Mail: <a href=\"mailto:lindner-kfz@psw-partner.de\">&nbsp;lindner-kfz@psw-partner.de<\/a><\/p>\n\n\n\n<p><strong>\u00d6ffnungszeiten<\/strong><br>Mo &#8211; Fr. 08.00 &#8211; 17.00 Uhr<br>Sa. 09.00 &#8211; 13.00 Uhr<\/p>\n<\/div>\n<\/div>\n\n\n\n<hr class=\"wp-block-separator is-style-wide\"\/>\n\n\n\n<div class=\"wp-block-columns is-layout-flex wp-container-core-columns-is-layout-28f84493 wp-block-columns-is-layout-flex\">\n<div class=\"wp-block-column is-layout-flow wp-block-column-is-layout-flow\">\n<figure class=\"wp-block-image size-large\"><img loading=\"lazy\" decoding=\"async\" width=\"1024\" height=\"576\" src=\"https:\/\/fellingshausen.bibibo.info\/wp-content\/uploads\/2020\/10\/20200502_183703-1024x576.jpg\" alt=\"\" class=\"wp-image-655\" srcset=\"https:\/\/fellingshausen.bibibo.info\/wp-content\/uploads\/2020\/10\/20200502_183703-1024x576.jpg 1024w, https:\/\/fellingshausen.bibibo.info\/wp-content\/uploads\/2020\/10\/20200502_183703-300x169.jpg 300w, https:\/\/fellingshausen.bibibo.info\/wp-content\/uploads\/2020\/10\/20200502_183703-768x432.jpg 768w, https:\/\/fellingshausen.bibibo.info\/wp-content\/uploads\/2020\/10\/20200502_183703-1536x864.jpg 1536w, https:\/\/fellingshausen.bibibo.info\/wp-content\/uploads\/2020\/10\/20200502_183703-2048x1152.jpg 2048w\" sizes=\"auto, (max-width: 1024px) 100vw, 1024px\" \/><\/figure>\n<\/div>\n\n\n\n<div class=\"wp-block-column is-layout-flow wp-block-column-is-layout-flow\">\n<h5 class=\"wp-block-heading\"><strong>Servicestation<\/strong>&nbsp;<a href=\"http:\/\/www.schuhmacher-schaefer.de\/\" target=\"_blank\" rel=\"noreferrer noopener\">Klaus Sch\u00e4fer<\/a>&nbsp;<br><strong>Schuhreparatur<\/strong><\/h5>\n\n\n\n<p>Annahme in <strong>Fellingshausen<\/strong><br>Rodheimer Stra\u00dfe 39<\/p>\n<\/div>\n<\/div>\n\n\n\n<hr class=\"wp-block-separator is-style-wide\"\/>\n\n\n\n<div class=\"wp-block-columns is-layout-flex wp-container-core-columns-is-layout-28f84493 wp-block-columns-is-layout-flex\">\n<div class=\"wp-block-column is-layout-flow wp-block-column-is-layout-flow\">\n<div class=\"wp-block-image\"><figure class=\"aligncenter size-large is-resized\"><img loading=\"lazy\" decoding=\"async\" src=\"https:\/\/fellingshausen.bibibo.info\/wp-content\/uploads\/2020\/10\/image-5.png\" alt=\"\" class=\"wp-image-658\" width=\"269\" height=\"267\" srcset=\"https:\/\/fellingshausen.bibibo.info\/wp-content\/uploads\/2020\/10\/image-5.png 884w, https:\/\/fellingshausen.bibibo.info\/wp-content\/uploads\/2020\/10\/image-5-300x298.png 300w, https:\/\/fellingshausen.bibibo.info\/wp-content\/uploads\/2020\/10\/image-5-150x150.png 150w, https:\/\/fellingshausen.bibibo.info\/wp-content\/uploads\/2020\/10\/image-5-768x763.png 768w\" sizes=\"auto, (max-width: 269px) 100vw, 269px\" \/><\/figure><\/div>\n<\/div>\n\n\n\n<div class=\"wp-block-column is-layout-flow wp-block-column-is-layout-flow\">\n<h5 class=\"wp-block-heading\">Tiernahrung &#8211; <strong>AMP Pet Buddys<\/strong><\/h5>\n\n\n\n<p><br>Gladenbacherstra\u00dfe <br>35444 Biebertal-Fellingshausen<br>Telefon: 0176 \/ 70 74 38 75<br>Mail: <a rel=\"noreferrer noopener\" href=\"mailto:anna.kollmar@gmail.com\" target=\"_blank\">anna.kollmar@gmail.com<\/a><\/p>\n\n\n\n<p>Web: <a rel=\"noreferrer noopener\" href=\"https:\/\/www.facebook.com\/PetBuddys\" target=\"_blank\">https:\/\/www.facebook.com\/PetBuddys<\/a><\/p>\n<\/div>\n<\/div>\n\n\n\n<hr class=\"wp-block-separator is-style-wide\"\/>\n\n\n\n<div class=\"wp-block-columns is-layout-flex wp-container-core-columns-is-layout-28f84493 wp-block-columns-is-layout-flex\">\n<div class=\"wp-block-column is-layout-flow wp-block-column-is-layout-flow\">\n<figure class=\"wp-block-image is-resized\"><img loading=\"lazy\" decoding=\"async\" src=\"http:\/\/vorschau.biebertaler-bilderbogen.de\/wp-content\/uploads\/2020\/01\/Wochenmarkt-Gemusestand-200.jpg\" alt=\"\" width=\"405\" height=\"229\"\/><\/figure>\n<\/div>\n\n\n\n<div class=\"wp-block-column is-layout-flow wp-block-column-is-layout-flow\">\n<h5 class=\"wp-block-heading\"><a href=\"https:\/\/wochenmarkt-fellingshausen.dkcs.de\/\" target=\"_blank\" rel=\"noreferrer noopener\">Wochenmarkt Fellingshausen<\/a><\/h5>\n\n\n\n<p class=\"has-medium-font-size\"><strong>mit Friedels Caf\u00e9 von 15 &#8211; 17 Uhr<\/strong><\/p>\n\n\n\n<p>Parkplatz an der Mehrzweckhalle Fellingshausen<br>Rodheimer Str. 24<br>35444 Bieberta-Fellingshausen<\/p>\n\n\n\n<p class=\"has-medium-font-size\">Dort an der Mehrzweckhalle in der Rodheimer Stra\u00dfe ist auch der <strong>Bankautomat <\/strong>unserer B\u00fcrgerinitiative<strong> <\/strong><br>zu finden.<\/p>\n<\/div>\n<\/div>\n\n\n\n<hr class=\"wp-block-separator is-style-wide\"\/>\n\n\n\n<div class=\"wp-block-columns is-layout-flex wp-container-core-columns-is-layout-28f84493 wp-block-columns-is-layout-flex\">\n<div class=\"wp-block-column is-layout-flow wp-block-column-is-layout-flow\">\n<figure class=\"wp-block-image size-large\"><img loading=\"lazy\" decoding=\"async\" width=\"1024\" height=\"768\" src=\"https:\/\/fellingshausen.bibibo.info\/wp-content\/uploads\/2020\/11\/2020-11-26-ehemalieger-REWE-Markt-1-1024x768.jpg\" alt=\"\" class=\"wp-image-783\" srcset=\"https:\/\/fellingshausen.bibibo.info\/wp-content\/uploads\/2020\/11\/2020-11-26-ehemalieger-REWE-Markt-1-1024x768.jpg 1024w, https:\/\/fellingshausen.bibibo.info\/wp-content\/uploads\/2020\/11\/2020-11-26-ehemalieger-REWE-Markt-1-300x225.jpg 300w, https:\/\/fellingshausen.bibibo.info\/wp-content\/uploads\/2020\/11\/2020-11-26-ehemalieger-REWE-Markt-1-768x576.jpg 768w, https:\/\/fellingshausen.bibibo.info\/wp-content\/uploads\/2020\/11\/2020-11-26-ehemalieger-REWE-Markt-1.jpg 1280w\" sizes=\"auto, (max-width: 1024px) 100vw, 1024px\" \/><\/figure>\n<\/div>\n\n\n\n<div class=\"wp-block-column is-layout-flow wp-block-column-is-layout-flow\">\n<p><strong>Ofenservice<\/strong> <a rel=\"noreferrer noopener\" href=\"https:\/\/protherm-ofenservice.de\/\" target=\"_blank\">PROTHERM Offensive <\/a><br>Daniel Burckart<br>Rodheimer Str. 37 A<br>35444&nbsp;Biebertal-Fellingshausen; <br>Tel.&nbsp;0 64 09 \/ 8 08 09 40<br>Mobil: 0157 \/ 544 93 706<br>Mail: <a rel=\"noreferrer noopener\" href=\"mailto:info@protherm-ofenservice.de\" target=\"_blank\">info@protherm-ofenservice.de<\/a><\/p>\n\n\n\n<p>\ue076<\/p>\n<\/div>\n<\/div>\n\n\n\n<hr class=\"wp-block-separator is-style-wide\"\/>\n\n\n\n<p><\/p>\n","protected":false},"excerpt":{"rendered":"<p>in alphabetischer Reihenfolge In diesem Foto- und Video-Bilderbuch sollen Sie sich wiederfinden.Wenn Sie sich also bei uns \u00f6ffentlich sehen lassen m\u00f6gen, schicken Sie uns Ihre Daten &#8230; ruhig mit einem kurzen Text dazu \u2026 und einer Einverst\u00e4ndniserkl\u00e4rung (Datenschutz).Wir stellen uns vor, dass Vergangenes wie Aktuelles aus Fellingshausen hier einen Platz [&hellip;]<\/p>\n","protected":false},"author":3,"featured_media":0,"parent":0,"menu_order":0,"comment_status":"closed","ping_status":"closed","template":"","meta":{"inspiro_page_layout":"narrow","inspiro_hide_title":false,"footnotes":""},"class_list":["post-229","page","type-page","status-publish","hentry"],"_links":{"self":[{"href":"https:\/\/fellingshausen.bibibo.info\/index.php?rest_route=\/wp\/v2\/pages\/229","targetHints":{"allow":["GET"]}}],"collection":[{"href":"https:\/\/fellingshausen.bibibo.info\/index.php?rest_route=\/wp\/v2\/pages"}],"about":[{"href":"https:\/\/fellingshausen.bibibo.info\/index.php?rest_route=\/wp\/v2\/types\/page"}],"author":[{"embeddable":true,"href":"https:\/\/fellingshausen.bibibo.info\/index.php?rest_route=\/wp\/v2\/users\/3"}],"replies":[{"embeddable":true,"href":"https:\/\/fellingshausen.bibibo.info\/index.php?rest_route=%2Fwp%2Fv2%2Fcomments&post=229"}],"version-history":[{"count":13,"href":"https:\/\/fellingshausen.bibibo.info\/index.php?rest_route=\/wp\/v2\/pages\/229\/revisions"}],"predecessor-version":[{"id":791,"href":"https:\/\/fellingshausen.bibibo.info\/index.php?rest_route=\/wp\/v2\/pages\/229\/revisions\/791"}],"wp:attachment":[{"href":"https:\/\/fellingshausen.bibibo.info\/index.php?rest_route=%2Fwp%2Fv2%2Fmedia&parent=229"}],"curies":[{"name":"wp","href":"https:\/\/api.w.org\/{rel}","templated":true}]}}