{"id":220,"date":"2020-04-15T18:11:54","date_gmt":"2020-04-15T18:11:54","guid":{"rendered":"http:\/\/fellingshausen.bibibo.info\/?page_id=220"},"modified":"2023-05-09T07:56:44","modified_gmt":"2023-05-09T07:56:44","slug":"geschichte","status":"publish","type":"page","link":"https:\/\/fellingshausen.bibibo.info\/?page_id=220","title":{"rendered":"Geschichte"},"content":{"rendered":"\n<p class=\"has-medium-font-size\">Hier darf sich eine Seite mit der Fellengsh\u00e4user Geschichte und Geschichten entwickeln.<br>Je mehr Insider sich beteiligen, desto umf\u00e4nglicher die Erinnerungsspuren, die bleiben.<br>Infos an: <a href=\"mailto:info@biebertaler-bilderbogen.de\">info@biebertaler-bilderbogen.de<\/a><\/p>\n\n\n\n<hr class=\"wp-block-separator has-css-opacity is-style-wide\"\/>\n\n\n\n<p>Erste Eintr\u00e4ge in einer <strong>\u00dcbersicht<\/strong>:<\/p>\n\n\n\n<div class=\"wp-block-columns is-layout-flex wp-container-core-columns-is-layout-28f84493 wp-block-columns-is-layout-flex\">\n<div class=\"wp-block-column is-layout-flow wp-block-column-is-layout-flow\" style=\"flex-basis:33.33%\">\n<figure class=\"wp-block-image aligncenter size-large is-resized\"><img loading=\"lazy\" decoding=\"async\" src=\"https:\/\/fellingshausen.bibibo.info\/wp-content\/uploads\/2020\/06\/image.png\" alt=\"\" class=\"wp-image-321\" width=\"149\" height=\"223\"\/><\/figure>\n<\/div>\n\n\n\n<div class=\"wp-block-column is-layout-flow wp-block-column-is-layout-flow\" style=\"flex-basis:66.66%\">\n<ul class=\"wp-block-list\"><li> <a href=\"https:\/\/fellingshausen.bibibo.info\/kunstweg-am-duensberg\/\" target=\"_blank\" rel=\"noreferrer noopener\"><strong>Der Kunstweg am D\u00fcnsberg<\/strong><\/a> <\/li><\/ul>\n\n\n\n<p>Link <a href=\"https:\/\/www.google.de\/search?q=kunstweg+d%C3%BCnsberg&amp;tbm=isch&amp;source=iu&amp;ictx=1&amp;fir=vkWPYl-d1Ia7PM%253A%252CKz0NtlvHMuZOqM%252C_&amp;vet=1&amp;usg=AI4_-kQ-NiKBLgX6K3MQtMJMHn8uNGvSaQ&amp;sa=X&amp;ved=2ahUKEwj6w_jdu-XpAhXPnKQKHUlACbYQ9QEwCnoECAgQGA#imgrc=vkWPYl-d1Ia7PM:\">zu mehr Bildern<\/a><\/p>\n\n\n\n<ul class=\"wp-block-list\"><li><a href=\"https:\/\/fellingshausen.bibibo.info\/grabungen-am-duensberg-2014\/\"><strong>Grabungen am D\u00fcnsberg<\/strong><\/a> 2014<\/li><li><a href=\"https:\/\/fellingshausen.bibibo.info\/aussergewoehnlicher-fund-am-duensberg-2017\/\" target=\"_blank\" rel=\"noreferrer noopener\"><strong>Ein au\u00dfergew\u00f6hnlicher Fund am D\u00fcnsberg<\/strong><\/a> 2017<\/li><\/ul>\n<\/div>\n<\/div>\n\n\n\n<div class=\"wp-block-columns is-layout-flex wp-container-core-columns-is-layout-28f84493 wp-block-columns-is-layout-flex\">\n<div class=\"wp-block-column is-layout-flow wp-block-column-is-layout-flow\" style=\"flex-basis:66.66%\">\n<ul class=\"wp-block-list\"><li><a href=\"https:\/\/fellingshausen.bibibo.info\/verkaufsmobil-in-fellingshausen-2011\/\" target=\"_blank\" rel=\"noreferrer noopener\"><strong>Verkaufsmobil in Fellingshausen<\/strong><\/a> \u2026 <strong>2011<\/strong><br>und der <strong><a href=\"https:\/\/wochenmarkt-fellingshausen.dkcs.de\/\" target=\"_blank\" rel=\"noreferrer noopener\">Fellingsh\u00e4user Wochenmarkt <\/a>heute<\/strong><\/li><\/ul>\n<\/div>\n\n\n\n<div class=\"wp-block-column is-layout-flow wp-block-column-is-layout-flow\" style=\"flex-basis:33.33%\">\n<figure class=\"wp-block-image\"><img decoding=\"async\" src=\"http:\/\/vorschau.biebertaler-bilderbogen.de\/wp-content\/uploads\/2020\/01\/Wochenmarkt-Gemusestand-200.jpg\" alt=\"\"\/><\/figure>\n<\/div>\n<\/div>\n\n\n\n<div class=\"wp-block-columns is-layout-flex wp-container-core-columns-is-layout-28f84493 wp-block-columns-is-layout-flex\">\n<div class=\"wp-block-column is-layout-flow wp-block-column-is-layout-flow\" style=\"flex-basis:33.33%\">\n<figure class=\"wp-block-image alignright size-large is-resized\"><img loading=\"lazy\" decoding=\"async\" src=\"https:\/\/fellingshausen.bibibo.info\/wp-content\/uploads\/2020\/06\/image-1.png\" alt=\"\" class=\"wp-image-343\" width=\"121\" height=\"145\"\/><\/figure>\n<\/div>\n\n\n\n<div class=\"wp-block-column is-layout-flow wp-block-column-is-layout-flow\" style=\"flex-basis:66.66%\">\n<p><a href=\"https:\/\/de.wikipedia.org\/wiki\/Grube_Friedberg\" target=\"_blank\" rel=\"noreferrer noopener\"><strong>Grube Friedberg<\/strong><\/a><br><a href=\"https:\/\/geschichte.biebertaler-bilderbogen.de\/grube-abendstern\/\" target=\"_blank\" rel=\"noreferrer noopener\"><strong>Grube Abendstern<\/strong><\/a><\/p>\n\n\n\n<p><strong><a href=\"https:\/\/fellingshausen.bibibo.info\/der-grubenweg\/\" target=\"_blank\" rel=\"noreferrer noopener\">Der Grubenweg<\/a><\/strong><\/p>\n<\/div>\n<\/div>\n\n\n\n<div class=\"wp-block-columns is-layout-flex wp-container-core-columns-is-layout-28f84493 wp-block-columns-is-layout-flex\">\n<div class=\"wp-block-column is-layout-flow wp-block-column-is-layout-flow\">\n<p><a href=\"https:\/\/fellingshausen.bibibo.info\/wp-admin\/post.php?post=24&amp;action=edit\" target=\"_blank\" rel=\"noreferrer noopener\"><strong>Grenzsteingarten<\/strong><\/a><\/p>\n<\/div>\n\n\n\n<div class=\"wp-block-column is-layout-flow wp-block-column-is-layout-flow\">\n<figure class=\"wp-block-image size-large is-resized\"><img loading=\"lazy\" decoding=\"async\" src=\"https:\/\/fellingshausen.bibibo.info\/wp-content\/uploads\/2020\/06\/image-2.png\" alt=\"\" class=\"wp-image-345\" width=\"205\" height=\"213\"\/><\/figure>\n<\/div>\n<\/div>\n\n\n\n<div class=\"wp-block-columns is-layout-flex wp-container-core-columns-is-layout-28f84493 wp-block-columns-is-layout-flex\">\n<div class=\"wp-block-column is-layout-flow wp-block-column-is-layout-flow\" style=\"flex-basis:33.33%\">\n<figure class=\"wp-block-image aligncenter size-large is-resized\"><img loading=\"lazy\" decoding=\"async\" src=\"https:\/\/fellingshausen.bibibo.info\/wp-content\/uploads\/2020\/06\/image-3.png\" alt=\"\" class=\"wp-image-346\" width=\"106\" height=\"110\"\/><\/figure>\n<\/div>\n\n\n\n<div class=\"wp-block-column is-layout-flow wp-block-column-is-layout-flow\" style=\"flex-basis:66.66%\">\n<p><strong><a href=\"https:\/\/fellingshausen.bibibo.info\/elisabethenpfad\/\" target=\"_blank\" rel=\"noreferrer noopener\">Elisabethenpfad<\/a><\/strong><\/p>\n<\/div>\n<\/div>\n\n\n\n<p><\/p>\n","protected":false},"excerpt":{"rendered":"<p>Hier darf sich eine Seite mit der Fellengsh\u00e4user Geschichte und Geschichten entwickeln.Je mehr Insider sich beteiligen, desto umf\u00e4nglicher die Erinnerungsspuren, die bleiben.Infos an: info@biebertaler-bilderbogen.de Erste Eintr\u00e4ge in einer \u00dcbersicht: Der Kunstweg am D\u00fcnsberg Link zu mehr Bildern Grabungen am D\u00fcnsberg 2014 Ein au\u00dfergew\u00f6hnlicher Fund am D\u00fcnsberg 2017 Verkaufsmobil in Fellingshausen [&hellip;]<\/p>\n","protected":false},"author":3,"featured_media":0,"parent":0,"menu_order":0,"comment_status":"closed","ping_status":"closed","template":"","meta":{"inspiro_page_layout":"narrow","inspiro_hide_title":false,"footnotes":""},"class_list":["post-220","page","type-page","status-publish","hentry"],"_links":{"self":[{"href":"https:\/\/fellingshausen.bibibo.info\/index.php?rest_route=\/wp\/v2\/pages\/220","targetHints":{"allow":["GET"]}}],"collection":[{"href":"https:\/\/fellingshausen.bibibo.info\/index.php?rest_route=\/wp\/v2\/pages"}],"about":[{"href":"https:\/\/fellingshausen.bibibo.info\/index.php?rest_route=\/wp\/v2\/types\/page"}],"author":[{"embeddable":true,"href":"https:\/\/fellingshausen.bibibo.info\/index.php?rest_route=\/wp\/v2\/users\/3"}],"replies":[{"embeddable":true,"href":"https:\/\/fellingshausen.bibibo.info\/index.php?rest_route=%2Fwp%2Fv2%2Fcomments&post=220"}],"version-history":[{"count":15,"href":"https:\/\/fellingshausen.bibibo.info\/index.php?rest_route=\/wp\/v2\/pages\/220\/revisions"}],"predecessor-version":[{"id":12255,"href":"https:\/\/fellingshausen.bibibo.info\/index.php?rest_route=\/wp\/v2\/pages\/220\/revisions\/12255"}],"wp:attachment":[{"href":"https:\/\/fellingshausen.bibibo.info\/index.php?rest_route=%2Fwp%2Fv2%2Fmedia&parent=220"}],"curies":[{"name":"wp","href":"https:\/\/api.w.org\/{rel}","templated":true}]}}