{"id":20,"date":"2020-02-07T23:36:54","date_gmt":"2020-02-07T23:36:54","guid":{"rendered":"http:\/\/fellingshausen.bibibo.info\/?page_id=20"},"modified":"2022-09-13T09:30:44","modified_gmt":"2022-09-13T09:30:44","slug":"veranstaltungen","status":"publish","type":"page","link":"https:\/\/fellingshausen.bibibo.info\/?page_id=20","title":{"rendered":"Feste"},"content":{"rendered":"\n<h2 class=\"wp-block-heading\"><strong>Brunnenfest<\/strong><\/h2>\n\n\n\n<div class=\"wp-block-media-text alignwide\" style=\"grid-template-columns:39% auto\"><figure class=\"wp-block-media-text__media\"><img loading=\"lazy\" decoding=\"async\" width=\"1024\" height=\"825\" src=\"https:\/\/fellingshausen.bibibo.info\/wp-content\/uploads\/2020\/02\/Brunnenfest-2019-1024x825.jpg\" alt=\"\" class=\"wp-image-87 size-full\" srcset=\"https:\/\/fellingshausen.bibibo.info\/wp-content\/uploads\/2020\/02\/Brunnenfest-2019-1024x825.jpg 1024w, https:\/\/fellingshausen.bibibo.info\/wp-content\/uploads\/2020\/02\/Brunnenfest-2019-300x242.jpg 300w, https:\/\/fellingshausen.bibibo.info\/wp-content\/uploads\/2020\/02\/Brunnenfest-2019-768x619.jpg 768w, https:\/\/fellingshausen.bibibo.info\/wp-content\/uploads\/2020\/02\/Brunnenfest-2019.jpg 1200w\" sizes=\"auto, (max-width: 1024px) 100vw, 1024px\" \/><\/figure><div class=\"wp-block-media-text__content\">\n<p style=\"font-size:clamp(16.293px, 1.018rem + ((1vw - 3.2px) * 0.907), 25px);px\"><strong>Vereinsgemeinschaft Fellingshausen <\/strong><\/p>\n\n\n\n<p>Dieses Dorffest aller Vereine findet alle zwei Jahre zentral unter der Dorflinde, um den Dorfbrunnen im Ortskern bei Kirche und Backhaus statt.<\/p>\n\n\n\n<p><a href=\"https:\/\/www.giessener-anzeiger.de\/lokales\/kreis-giessen\/biebertal\/drei-auf-einmal-beim-brunnenfest-wird-viel-geboten_18118915\">Zum Fest <\/a><a rel=\"noreferrer noopener\" href=\"https:\/\/www.giessener-anzeiger.de\/lokales\/kreis-giessen\/biebertal\/drei-auf-einmal-beim-brunnenfest-wird-viel-geboten_18118915\" target=\"_blank\"><strong>2017 <\/strong><\/a>z.B. gab es im <a href=\"https:\/\/www.giessener-anzeiger.de\/lokales\/kreis-giessen\/biebertal\/junge-leute-und-alte-hasen-gutes-programm_18140423\">Gie\u00dfener Anzeiger<\/a> zwei Berichte. Selbst das <a href=\"https:\/\/www.licher-wochenblatt.de\/mediathek\/fotos\/giessen\/cme3448,1907225\">Licher Wochenblatt<\/a> ver\u00f6ffentlichte vom Fest <strong>2018 <\/strong>mehrere Fotostrecken. Ein weiterer Bericht <a href=\"https:\/\/www.giessener-anzeiger.de\/lokales\/kreis-giessen\/biebertal\/in-fellingshausen-wird-wieder-brunnenfest-gefeiert_20338817\">zum Fest <\/a><a rel=\"noreferrer noopener\" href=\"https:\/\/www.giessener-anzeiger.de\/lokales\/kreis-giessen\/biebertal\/in-fellingshausen-wird-wieder-brunnenfest-gefeiert_20338817\" target=\"_blank\"><strong>2019<\/strong><\/a>. Nach der Corona-Pause, <a rel=\"noreferrer noopener\" href=\"https:\/\/fellingshausen.bibibo.info\/16-brunnenfest-in-fellingshausen-2022-in-bildern\/\" target=\"_blank\"><strong>2022 <\/strong>d<\/a><a rel=\"noreferrer noopener\" href=\"https:\/\/fellingshausen.bibibo.info\/16-brunnenfest-in-fellingshausen-2022-in-bildern\/\" target=\"_blank\">i<\/a><a rel=\"noreferrer noopener\" href=\"https:\/\/fellingshausen.bibibo.info\/16-brunnenfest-in-fellingshausen-2022-in-bildern\/\" target=\"_blank\">e<\/a><a rel=\"noreferrer noopener\" href=\"https:\/\/fellingshausen.bibibo.info\/16-brunnenfest-in-fellingshausen-2022-in-bildern\/\" target=\"_blank\"> 16. Festauflage. <\/a><\/p>\n<\/div><\/div>\n\n\n\n<hr class=\"wp-block-separator has-css-opacity is-style-wide\"\/>\n\n\n\n<div class=\"wp-block-columns is-layout-flex wp-container-core-columns-is-layout-28f84493 wp-block-columns-is-layout-flex\">\n<div class=\"wp-block-column is-layout-flow wp-block-column-is-layout-flow\">\n<p><a href=\"https:\/\/www.giessener-anzeiger.de\/lokales\/kreis-giessen\/biebertal\/kinder-und-jugendtag-in-fellingshausen-begeisterte-die-besucher_19033250\"><strong>H\u00fcpfen, Spirngen, Laufen, Radeln, Zielen, H\u00e4mmern, Basteln und Flechten<\/strong><\/a> &#8211; das, was Kinderherzen h\u00f6her schlagen l\u00e4sst, konnten die Kleinen beim KiJu-Tag erleben. <\/p>\n\n\n\n<div class=\"wp-block-columns is-layout-flex wp-container-core-columns-is-layout-28f84493 wp-block-columns-is-layout-flex\">\n<div class=\"wp-block-column is-layout-flow wp-block-column-is-layout-flow\">\n<figure class=\"wp-block-image size-large is-resized\"><img loading=\"lazy\" decoding=\"async\" src=\"https:\/\/fellingshausen.bibibo.info\/wp-content\/uploads\/2020\/04\/image-10.png\" alt=\"\" class=\"wp-image-185\" width=\"148\" height=\"129\"\/><\/figure>\n<\/div>\n\n\n\n<div class=\"wp-block-column is-layout-flow wp-block-column-is-layout-flow\">\n<figure class=\"wp-block-image size-large is-resized\"><img loading=\"lazy\" decoding=\"async\" src=\"https:\/\/fellingshausen.bibibo.info\/wp-content\/uploads\/2020\/04\/image-9.png\" alt=\"\" class=\"wp-image-184\" width=\"177\" height=\"117\" srcset=\"https:\/\/fellingshausen.bibibo.info\/wp-content\/uploads\/2020\/04\/image-9.png 239w, https:\/\/fellingshausen.bibibo.info\/wp-content\/uploads\/2020\/04\/image-9-120x80.png 120w\" sizes=\"auto, (max-width: 177px) 100vw, 177px\" \/><\/figure>\n<\/div>\n<\/div>\n<\/div>\n\n\n\n<div class=\"wp-block-column is-layout-flow wp-block-column-is-layout-flow\">\n<p style=\"font-size:clamp(16.293px, 1.018rem + ((1vw - 3.2px) * 0.907), 25px);px\">  <strong>Kinder- und Jugendtag<\/strong><\/p>\n\n\n\n<p class=\"has-normal-font-size\"><strong>Vereinsgemeinschaft Fellingshausen <\/strong><\/p>\n\n\n\n<p>Vereine und Gruppen bietet sich hier die Gelegenheit, ihre Aktivit\u00e4ten darzustellen und Kontakte mit Kindern und Eltern zu machen. <\/p>\n<\/div>\n<\/div>\n\n\n\n<hr class=\"wp-block-separator has-css-opacity is-style-wide\"\/>\n\n\n\n<div class=\"wp-block-columns is-layout-flex wp-container-core-columns-is-layout-28f84493 wp-block-columns-is-layout-flex\">\n<div class=\"wp-block-column is-layout-flow wp-block-column-is-layout-flow\">\n<p style=\"font-size:clamp(16.293px, 1.018rem + ((1vw - 3.2px) * 0.907), 25px);px\"><strong>Krippenweg<\/strong><\/p>\n\n\n\n<p><strong>Altburschen Vierjahreszeiten <\/strong><\/p>\n\n\n\n<p>Regelm\u00e4\u00dfig baut insbes. &#8222;Krippenvater&#8220; <em>Friedel Winter<\/em>, inzwischen zusammen mit vielen freiwilligen Krippenpaten, im Wald unter Wurzeln, in Ge\u00e4st von B\u00e4umen oder auf Steelen verschiedenste Krippen auf. Die sind in der Advendszeit bis in den Januar hinein zu sehen. Am Wochenende und an Festtagen werden am Sportplatz Fellingshausen Getr\u00e4nke angeboten. Zwischenzeitlich hat ein Fackelzug entlang des Krippenweges gro\u00dfe Beliebtheit gefunden. Mit eine Apr\u00e8s-Ski-Party und einer Spenden\u00fcbergabe endet die Veranstaltung.<\/p>\n\n\n\n<p>Video<\/p>\n\n\n\n<figure class=\"wp-block-image aligncenter size-large is-resized\"><img loading=\"lazy\" decoding=\"async\" src=\"https:\/\/fellingshausen.bibibo.info\/wp-content\/uploads\/2020\/04\/image-12.png\" alt=\"\" class=\"wp-image-197\" width=\"317\" height=\"220\" srcset=\"https:\/\/fellingshausen.bibibo.info\/wp-content\/uploads\/2020\/04\/image-12.png 442w, https:\/\/fellingshausen.bibibo.info\/wp-content\/uploads\/2020\/04\/image-12-300x209.png 300w\" sizes=\"auto, (max-width: 317px) 100vw, 317px\" \/><figcaption>Foto: <a href=\"https:\/\/www.facebook.com\/hashtag\/biebertal?source=feed_text&amp;epa=HASHTAG&amp;__xts__%5B0%5D=68.ARDwYkKtyeVU_l0e7U7F0LJi8CFrEhtsbhAqpNAfBnNULy3y5KQPkJtImBMwkW4s0wcRVcZCV-X-iUuKbvrRBTkWPn42uFHsIYuoCLFgqkDH0wMcjysG7w7VZl7pHG_54kJgZ6pG8e7mBKIii7-u2tF3tk20lLJPcJXbAqEvsAnmgLJ6zAe-ZmaysMVhOjpkzSglU0d6PXM9YS1TYd69ychgx0zlKndGjLhN5YXCVihjIg7hjbXjJQe206Xq7m7o0LeTfTRnylZhfoKwDmixKH4QOXt6OQ9SHISASQb4Sz5yx5SR1jwQNburj6QwHlEZdYA0jAduWO8YObDlGhsHu2NXiQ&amp;__tn__=%2ANK-R\">#Biebertal<\/a>&nbsp;<a href=\"https:\/\/www.facebook.com\/hashtag\/fellingshausen?source=feed_text&amp;epa=HASHTAG&amp;__xts__%5B0%5D=68.ARDwYkKtyeVU_l0e7U7F0LJi8CFrEhtsbhAqpNAfBnNULy3y5KQPkJtImBMwkW4s0wcRVcZCV-X-iUuKbvrRBTkWPn42uFHsIYuoCLFgqkDH0wMcjysG7w7VZl7pHG_54kJgZ6pG8e7mBKIii7-u2tF3tk20lLJPcJXbAqEvsAnmgLJ6zAe-ZmaysMVhOjpkzSglU0d6PXM9YS1TYd69ychgx0zlKndGjLhN5YXCVihjIg7hjbXjJQe206Xq7m7o0LeTfTRnylZhfoKwDmixKH4QOXt6OQ9SHISASQb4Sz5yx5SR1jwQNburj6QwHlEZdYA0jAduWO8YObDlGhsHu2NXiQ&amp;__tn__=%2ANK-R\">#Fellingshausen<\/a>&nbsp;<a href=\"https:\/\/www.facebook.com\/hashtag\/krippenwegfellingshausen?source=feed_text&amp;epa=HASHTAG&amp;__xts__%5B0%5D=68.ARDwYkKtyeVU_l0e7U7F0LJi8CFrEhtsbhAqpNAfBnNULy3y5KQPkJtImBMwkW4s0wcRVcZCV-X-iUuKbvrRBTkWPn42uFHsIYuoCLFgqkDH0wMcjysG7w7VZl7pHG_54kJgZ6pG8e7mBKIii7-u2tF3tk20lLJPcJXbAqEvsAnmgLJ6zAe-ZmaysMVhOjpkzSglU0d6PXM9YS1TYd69ychgx0zlKndGjLhN5YXCVihjIg7hjbXjJQe206Xq7m7o0LeTfTRnylZhfoKwDmixKH4QOXt6OQ9SHISASQb4Sz5yx5SR1jwQNburj6QwHlEZdYA0jAduWO8YObDlGhsHu2NXiQ&amp;__tn__=%2ANK-R\">#KrippenwegFellingshausen<\/a>&nbsp;<a href=\"https:\/\/www.facebook.com\/hashtag\/altburschen4jahreszeiten?source=feed_text&amp;epa=HASHTAG&amp;__xts__%5B0%5D=68.ARDwYkKtyeVU_l0e7U7F0LJi8CFrEhtsbhAqpNAfBnNULy3y5KQPkJtImBMwkW4s0wcRVcZCV-X-iUuKbvrRBTkWPn42uFHsIYuoCLFgqkDH0wMcjysG7w7VZl7pHG_54kJgZ6pG8e7mBKIii7-u2tF3tk20lLJPcJXbAqEvsAnmgLJ6zAe-ZmaysMVhOjpkzSglU0d6PXM9YS1TYd69ychgx0zlKndGjLhN5YXCVihjIg7hjbXjJQe206Xq7m7o0LeTfTRnylZhfoKwDmixKH4QOXt6OQ9SHISASQb4Sz5yx5SR1jwQNburj6QwHlEZdYA0jAduWO8YObDlGhsHu2NXiQ&amp;__tn__=%2ANK-R\">#Altburschen4Jahreszeiten<\/a> <\/figcaption><\/figure>\n<\/div>\n\n\n\n<div class=\"wp-block-column is-layout-flow wp-block-column-is-layout-flow\">\n<figure class=\"wp-block-image size-large is-resized\"><img loading=\"lazy\" decoding=\"async\" src=\"https:\/\/fellingshausen.bibibo.info\/wp-content\/uploads\/2020\/04\/Krippenweg-2018-19.png\" alt=\"\" class=\"wp-image-186\" width=\"381\" height=\"332\" srcset=\"https:\/\/fellingshausen.bibibo.info\/wp-content\/uploads\/2020\/04\/Krippenweg-2018-19.png 712w, https:\/\/fellingshausen.bibibo.info\/wp-content\/uploads\/2020\/04\/Krippenweg-2018-19-300x262.png 300w\" sizes=\"auto, (max-width: 381px) 100vw, 381px\" \/><\/figure>\n\n\n\n<p>Der kreative Altbursche plant dann bereits den <a href=\"https:\/\/www.giessener-anzeiger.de\/lokales\/kreis-giessen\/biebertal\/osterliche-krippe_21543143\"><strong>Ostereiersuch-Weg<\/strong><\/a>, der 2020 allerdings ausfallen musste.<\/p>\n\n\n\n<figure class=\"wp-block-image\"><img decoding=\"async\" src=\"https:\/\/cdn.meine-vrm.de\/Hq7UDqTj9FHQ6irqDdsCk8OtA5o=\/1020x510\/smart\/819%2F21543%2F21543142%2F45724988.jpg\" alt=\"Einer der ehemaligen Krippenstandorte wurde \u00f6sterlich dekoriert. Foto: Mattern\"\/><figcaption>Foto: Mattern<\/figcaption><\/figure>\n<\/div>\n<\/div>\n\n\n\n<hr class=\"wp-block-separator has-css-opacity is-style-wide\"\/>\n\n\n\n<div class=\"wp-block-columns is-layout-flex wp-container-core-columns-is-layout-28f84493 wp-block-columns-is-layout-flex\">\n<div class=\"wp-block-column is-layout-flow wp-block-column-is-layout-flow\">\n<h2 class=\"wp-block-heading\"><a href=\"https:\/\/kunst.biebertaler-bilderbogen.de\/rocknacht-fellingshausen\/\" target=\"_blank\" rel=\"noreferrer noopener\">Rocknacht<\/a><\/h2>\n\n\n\n<p><strong>unvergessen<\/strong>: eine 12j\u00e4hrige Tradition,<br>die leider 2019 zu Ende ging<\/p>\n\n\n\n<figure class=\"wp-block-image is-resized\"><img loading=\"lazy\" decoding=\"async\" src=\"https:\/\/encrypted-tbn0.gstatic.com\/images?q=tbn%3AANd9GcSk64EqyT0_LyWtXN0LhBctmkeBcQXp0IW61A&amp;usqp=CAU\" alt=\"12. ROCKnacht | Fellingshausen\" width=\"211\" height=\"298\"\/><\/figure>\n<\/div>\n\n\n\n<div class=\"wp-block-column is-layout-flow wp-block-column-is-layout-flow\">\n<p>Das Motto: \u201eSound, Spa\u00df und Spende\u201c blieb, doch f\u00fcr die DJs <em>Oliver Reeh<\/em> und <em>Heiko Mattern <\/em>sowie <em>Gerold Rentrop<\/em> gingen die Jahre dahin. F\u00fcr die Besucher zwischen 16 und 80 bleiben es unvergessliche Abende, bei denen zudem immer ordentlich Spenden f\u00fcr die Carsten Bender-Leuk\u00e4mnie-Stiftung in Krofdorf-Gleiberg gesammelt werden konnten.<br>Das war, angesichts der mehr als zivilen Getr\u00e4nkepreise, nur m\u00f6glich, da alle Beteiligten ehrenamtlich zupackten und das komplette technische Equipment nebst Saal im <a href=\"https:\/\/www.landgasthofduensberg.de\/\">\u201eLandgasthof zum D\u00fcnsberg\u201c<\/a> gratis zur Verf\u00fcgung gestellt wurde.<br><\/p>\n<\/div>\n<\/div>\n\n\n\n<div class=\"wp-block-columns is-layout-flex wp-container-core-columns-is-layout-28f84493 wp-block-columns-is-layout-flex\">\n<div class=\"wp-block-column is-layout-flow wp-block-column-is-layout-flow\"><\/div>\n<\/div>\n\n\n\n<hr class=\"wp-block-separator has-css-opacity is-style-wide\"\/>\n\n\n\n<div class=\"wp-block-columns is-layout-flex wp-container-core-columns-is-layout-28f84493 wp-block-columns-is-layout-flex\">\n<div class=\"wp-block-column is-layout-flow wp-block-column-is-layout-flow\">\n<p style=\"font-size:clamp(16.293px, 1.018rem + ((1vw - 3.2px) * 0.907), 25px);px\"> <strong>Sonnwendfeuer<\/strong>  <\/p>\n\n\n\n<p><strong>Die Burschen- und M\u00e4dchenschaft &#8222;F\u00fcchse&#8220; Fellingshausen<\/strong> organisieren mit Hilfe der freiwilligen Feuerwehr Fellingshausen dieses Event  auf dem Festplatz in Fellingshausen.  <\/p>\n\n\n\n<div class=\"wp-block-columns is-layout-flex wp-container-core-columns-is-layout-28f84493 wp-block-columns-is-layout-flex\">\n<div class=\"wp-block-column is-layout-flow wp-block-column-is-layout-flow\">\n<figure class=\"wp-block-image is-resized\"><img loading=\"lazy\" decoding=\"async\" src=\"https:\/\/fellingshausen.bibibo.info\/wp-content\/uploads\/2020\/04\/image-11.png\" alt=\"Dieses Bild hat ein leeres Alt-Attribut. Der Dateiname ist image-11.png\" width=\"145\" height=\"134\"\/><\/figure>\n<\/div>\n\n\n\n<div class=\"wp-block-column is-layout-flow wp-block-column-is-layout-flow\">\n<p>Inzwischen hat sich diese Tradition zu einem gro\u00dfen Fest gemausert, wie man am Festzelt sieht.<\/p>\n<\/div>\n<\/div>\n<\/div>\n\n\n\n<div class=\"wp-block-column is-layout-flow wp-block-column-is-layout-flow\">\n<figure class=\"wp-block-image\"><img decoding=\"async\" src=\"https:\/\/fellingshausen.bibibo.info\/wp-content\/uploads\/2020\/02\/Sonnenwendfeuer-2013-1200-1024x903.jpg\" alt=\"\"\/><\/figure>\n<\/div>\n<\/div>\n\n\n\n<hr class=\"wp-block-separator has-css-opacity is-style-wide\"\/>\n\n\n\n<div class=\"wp-block-columns is-layout-flex wp-container-core-columns-is-layout-28f84493 wp-block-columns-is-layout-flex\">\n<div class=\"wp-block-column is-layout-flow wp-block-column-is-layout-flow\">\n<figure class=\"wp-block-image\"><img decoding=\"async\" src=\"https:\/\/fellingshausen.bibibo.info\/wp-content\/uploads\/2020\/04\/waldfest-2019.png\" alt=\"\"\/><\/figure>\n<\/div>\n\n\n\n<div class=\"wp-block-column is-layout-flow wp-block-column-is-layout-flow\">\n<p style=\"font-size:clamp(16.293px, 1.018rem + ((1vw - 3.2px) * 0.907), 25px);px\"><strong>Waldfest<\/strong><\/p>\n\n\n\n<p>2019 lud die <strong>Freiwillige Feuerwehr Fellingshausen<\/strong> am Vatertag schon zum <br><strong>46. <\/strong>Waldfest in die Sandkaute (Grillh\u00fctte Fellingshausen) ein. Mit einem \u00f6kumenischen Gottesdienst, unter Mitwirkung des Posaunenchors Rodheim, wird das Fest er\u00f6ffnet. Die \u201eBier-Bembel-Bl\u00e4ser\u201c sorgen ab 12.30 Uhr f\u00fcr Stimmung. Die Mini- und Jugendfeuerwehr hat f\u00fcr die kleinen G\u00e4ste Spiele vorbereitet. F\u00fcr \u00e4ltere und mobilit\u00e4tseingeschr\u00e4nkte Besucher stellt die Feuerwehr einen Fahrdienst. <\/p>\n<\/div>\n<\/div>\n\n\n\n<hr class=\"wp-block-separator has-css-opacity is-style-wide\"\/>\n\n\n\n<div class=\"wp-block-media-text alignwide\" style=\"grid-template-columns:39% auto\"><figure class=\"wp-block-media-text__media\"><img loading=\"lazy\" decoding=\"async\" width=\"381\" height=\"575\" src=\"https:\/\/fellingshausen.bibibo.info\/wp-content\/uploads\/2020\/03\/Weinfest-Familie-Dexheimer-Juni.png\" alt=\"\" class=\"wp-image-117 size-full\" srcset=\"https:\/\/fellingshausen.bibibo.info\/wp-content\/uploads\/2020\/03\/Weinfest-Familie-Dexheimer-Juni.png 381w, https:\/\/fellingshausen.bibibo.info\/wp-content\/uploads\/2020\/03\/Weinfest-Familie-Dexheimer-Juni-199x300.png 199w\" sizes=\"auto, (max-width: 381px) 100vw, 381px\" \/><\/figure><div class=\"wp-block-media-text__content\">\n<p style=\"font-size:clamp(16.293px, 1.018rem + ((1vw - 3.2px) * 0.907), 25px);px\"><strong>Weinfest<\/strong><\/p>\n\n\n\n<p>Der <strong>Gesangverein Concordia Fellingshausen<\/strong> <br>richtet diesen Begegnungsraum aus.<\/p>\n\n\n\n<p>Anl\u00e4sslich der damaligen 750 Jahrfeier hatte man seinerzeit diesen  Versuchsballon mit gro\u00dfem Erfolg gestartet, der sich bei den Folgeveranstaltungen auf dem ehemalige Bauernhof von Christel und Klaus Dexheimer (Gladenbacher Str. 8)  wiederholte. <br>Neben verschiedenen Weinen gab es nat\u00fcrlich auch andere Kaltgetr\u00e4nke sowie  Kaffee, Kuchen und herzhafte Snacks zu leicht erschwinglichen Preisen. <a href=\"https:\/\/www.giessener-anzeiger.de\/lokales\/kreis-giessen\/biebertal\/weinfest-zum-40-geburtstag-in-fellingshausen_18625833\">Der Eintritt ist frei. <\/a><br>Wie es sich f\u00fcr einen Gesangverein geh\u00f6rt, unterh\u00e4lt der gemischte Chor der \u201eConcordia\u201c die G\u00e4ste zwischendurch mit angemessenen Liedvortr\u00e4gen. <\/p>\n\n\n\n<figure class=\"wp-block-image aligncenter is-resized\"><img loading=\"lazy\" decoding=\"async\" src=\"https:\/\/fellingshausen.bibibo.info\/wp-content\/uploads\/2020\/04\/image-13.png\" alt=\"Dieses Bild hat ein leeres Alt-Attribut. Der Dateiname ist image-13.png\" width=\"311\" height=\"232\"\/><\/figure>\n<\/div><\/div>\n\n\n\n<hr class=\"wp-block-separator has-css-opacity is-style-wide\"\/>\n\n\n\n<div class=\"wp-block-columns is-layout-flex wp-container-core-columns-is-layout-28f84493 wp-block-columns-is-layout-flex\">\n<div class=\"wp-block-column is-layout-flow wp-block-column-is-layout-flow\">\n<figure class=\"wp-block-image aligncenter size-large is-resized\"><img loading=\"lazy\" decoding=\"async\" src=\"https:\/\/fellingshausen.bibibo.info\/wp-content\/uploads\/2020\/04\/Weihnachtsdorf-2019-1.png\" alt=\"\" class=\"wp-image-208\" width=\"274\" height=\"312\" srcset=\"https:\/\/fellingshausen.bibibo.info\/wp-content\/uploads\/2020\/04\/Weihnachtsdorf-2019-1.png 405w, https:\/\/fellingshausen.bibibo.info\/wp-content\/uploads\/2020\/04\/Weihnachtsdorf-2019-1-263x300.png 263w\" sizes=\"auto, (max-width: 274px) 100vw, 274px\" \/><\/figure>\n<\/div>\n\n\n\n<div class=\"wp-block-column is-layout-flow wp-block-column-is-layout-flow\">\n<p style=\"font-size:clamp(16.293px, 1.018rem + ((1vw - 3.2px) * 0.907), 25px);px\"><strong>Weihnachtsdorf <\/strong><\/p>\n\n\n\n<p>Auch hier wurde die <strong>Burschen- und M\u00e4dchenschaft &#8222;F\u00fcchse&#8220; Fellingshausen<\/strong> aktiv und hat 2019, statt der wenigen Markst\u00e4nde um den Dorfbrunnen bzw. an der Mehrzweckhalle in den fr\u00fcheren Jahren, im Gel\u00e4nde des <a href=\"https:\/\/www.landgasthofduensberg.de\/\">Landgasthof &#8222;zum D\u00fcnsberg&#8220; <\/a>einen Platz mit echtem Flair geschaffen.<\/p>\n<\/div>\n<\/div>\n\n\n\n<hr class=\"wp-block-separator has-css-opacity is-style-wide\"\/>\n","protected":false},"excerpt":{"rendered":"<p>Brunnenfest Vereinsgemeinschaft Fellingshausen Dieses Dorffest aller Vereine findet alle zwei Jahre zentral unter der Dorflinde, um den Dorfbrunnen im Ortskern bei Kirche und Backhaus statt. Zum Fest 2017 z.B. gab es im Gie\u00dfener Anzeiger zwei Berichte. Selbst das Licher Wochenblatt ver\u00f6ffentlichte vom Fest 2018 mehrere Fotostrecken. Ein weiterer Bericht zum [&hellip;]<\/p>\n","protected":false},"author":1,"featured_media":0,"parent":0,"menu_order":1,"comment_status":"closed","ping_status":"closed","template":"","meta":{"inspiro_page_layout":"narrow","inspiro_hide_title":false,"footnotes":""},"class_list":["post-20","page","type-page","status-publish","hentry"],"_links":{"self":[{"href":"https:\/\/fellingshausen.bibibo.info\/index.php?rest_route=\/wp\/v2\/pages\/20","targetHints":{"allow":["GET"]}}],"collection":[{"href":"https:\/\/fellingshausen.bibibo.info\/index.php?rest_route=\/wp\/v2\/pages"}],"about":[{"href":"https:\/\/fellingshausen.bibibo.info\/index.php?rest_route=\/wp\/v2\/types\/page"}],"author":[{"embeddable":true,"href":"https:\/\/fellingshausen.bibibo.info\/index.php?rest_route=\/wp\/v2\/users\/1"}],"replies":[{"embeddable":true,"href":"https:\/\/fellingshausen.bibibo.info\/index.php?rest_route=%2Fwp%2Fv2%2Fcomments&post=20"}],"version-history":[{"count":31,"href":"https:\/\/fellingshausen.bibibo.info\/index.php?rest_route=\/wp\/v2\/pages\/20\/revisions"}],"predecessor-version":[{"id":11919,"href":"https:\/\/fellingshausen.bibibo.info\/index.php?rest_route=\/wp\/v2\/pages\/20\/revisions\/11919"}],"wp:attachment":[{"href":"https:\/\/fellingshausen.bibibo.info\/index.php?rest_route=%2Fwp%2Fv2%2Fmedia&parent=20"}],"curies":[{"name":"wp","href":"https:\/\/api.w.org\/{rel}","templated":true}]}}