{"id":11510,"date":"2021-12-28T13:34:29","date_gmt":"2021-12-28T13:34:29","guid":{"rendered":"http:\/\/fellingshausen.bibibo.info\/?page_id=11510"},"modified":"2024-01-16T15:22:50","modified_gmt":"2024-01-16T13:22:50","slug":"uebersicht-der-beitraege-2019","status":"publish","type":"page","link":"https:\/\/fellingshausen.bibibo.info\/?page_id=11510","title":{"rendered":"Beitragschronik in Bildern &#8211; 2019 und davor"},"content":{"rendered":"\n<div class=\"wp-block-columns is-layout-flex wp-container-core-columns-is-layout-28f84493 wp-block-columns-is-layout-flex\">\n<div class=\"wp-block-column is-layout-flow wp-block-column-is-layout-flow\">\n<figure class=\"wp-block-image aligncenter size-full is-resized\"><img loading=\"lazy\" decoding=\"async\" width=\"111\" height=\"109\" src=\"https:\/\/fellingshausen.bibibo.info\/wp-content\/uploads\/2024\/01\/image-10.png\" alt=\"\" class=\"wp-image-13118\" style=\"width:211px;height:auto\"\/><\/figure>\n\n\n\n<p class=\"has-text-align-center\" style=\"font-size:12px\"><strong>Bildquelle: Wikipedia<\/strong><\/p>\n<\/div>\n\n\n\n<div class=\"wp-block-column is-layout-flow wp-block-column-is-layout-flow\">\n<figure class=\"wp-block-image size-full is-resized\"><img loading=\"lazy\" decoding=\"async\" width=\"604\" height=\"452\" src=\"https:\/\/fellingshausen.bibibo.info\/wp-content\/uploads\/2021\/12\/weinfest-bei-Dexheimer.png\" alt=\"\" class=\"wp-image-11512\" style=\"width:273px;height:auto\" srcset=\"https:\/\/fellingshausen.bibibo.info\/wp-content\/uploads\/2021\/12\/weinfest-bei-Dexheimer.png 604w, https:\/\/fellingshausen.bibibo.info\/wp-content\/uploads\/2021\/12\/weinfest-bei-Dexheimer-300x225.png 300w\" sizes=\"auto, (max-width: 604px) 100vw, 604px\" \/><\/figure>\n\n\n\n<h6 class=\"wp-block-heading has-text-align-center\"><a href=\"https:\/\/fellingshausen.bibibo.info\/weinfest-bei-dexheimers-concordia-fellingshausen\/\" data-type=\"link\" data-id=\"https:\/\/fellingshausen.bibibo.info\/weinfest-bei-dexheimers-concordia-fellingshausen\/\" target=\"_blank\" rel=\"noreferrer noopener\">Weinfest der Concordia<\/a><\/h6>\n<\/div>\n\n\n\n<div class=\"wp-block-column is-layout-flow wp-block-column-is-layout-flow\">\n<figure class=\"wp-block-image aligncenter size-full is-resized\"><img loading=\"lazy\" decoding=\"async\" width=\"311\" height=\"261\" src=\"https:\/\/fellingshausen.bibibo.info\/wp-content\/uploads\/2021\/12\/sonnwendfeuer-winfried.png\" alt=\"\" class=\"wp-image-11513\" style=\"width:243px;height:auto\" srcset=\"https:\/\/fellingshausen.bibibo.info\/wp-content\/uploads\/2021\/12\/sonnwendfeuer-winfried.png 311w, https:\/\/fellingshausen.bibibo.info\/wp-content\/uploads\/2021\/12\/sonnwendfeuer-winfried-300x252.png 300w\" sizes=\"auto, (max-width: 311px) 100vw, 311px\" \/><\/figure>\n\n\n\n<h6 class=\"wp-block-heading has-text-align-center\"><a href=\"https:\/\/fellingshausen.bibibo.info\/sonnwendfeuer-in-fellingshausen\/\" data-type=\"link\" data-id=\"https:\/\/fellingshausen.bibibo.info\/sonnwendfeuer-in-fellingshausen\/\" target=\"_blank\" rel=\"noreferrer noopener\">Sonnwendfeuer<\/a><\/h6>\n<\/div>\n<\/div>\n\n\n\n<div class=\"wp-block-columns is-layout-flex wp-container-core-columns-is-layout-28f84493 wp-block-columns-is-layout-flex\">\n<div class=\"wp-block-column is-layout-flow wp-block-column-is-layout-flow\">\n<figure class=\"wp-block-image aligncenter is-resized\"><img decoding=\"async\" src=\"https:\/\/fellingshausen.bibibo.info\/wp-content\/uploads\/2020\/12\/VdK_2020-12-12_19-21-55-1024x1024.jpg\" alt=\"\" style=\"width:203px;height:auto\"\/><\/figure>\n\n\n\n<h6 class=\"wp-block-heading has-text-align-center\"><strong><a href=\"https:\/\/fellingshausen.bibibo.info\/vdk-grillen-im-landgasthof-zum-duensberg-2019\/\" target=\"_blank\" rel=\"noreferrer noopener\">VdK Grillen<\/a><\/strong><\/h6>\n<\/div>\n\n\n\n<div class=\"wp-block-column is-layout-flow wp-block-column-is-layout-flow\">\n<figure class=\"wp-block-image size-full\"><img loading=\"lazy\" decoding=\"async\" width=\"1024\" height=\"768\" src=\"https:\/\/fellingshausen.bibibo.info\/wp-content\/uploads\/2024\/01\/image-9.png\" alt=\"\" class=\"wp-image-13117\" srcset=\"https:\/\/fellingshausen.bibibo.info\/wp-content\/uploads\/2024\/01\/image-9.png 1024w, https:\/\/fellingshausen.bibibo.info\/wp-content\/uploads\/2024\/01\/image-9-300x225.png 300w, https:\/\/fellingshausen.bibibo.info\/wp-content\/uploads\/2024\/01\/image-9-768x576.png 768w\" sizes=\"auto, (max-width: 1024px) 100vw, 1024px\" \/><\/figure>\n\n\n\n<h6 class=\"wp-block-heading has-text-align-center\"><strong><a href=\"https:\/\/fellingshausen.bibibo.info\/fuchs-wiesn-2019\/\" target=\"_blank\" rel=\"noreferrer noopener\">Fux Wiesn Fellingshausen<\/a><\/strong><\/h6>\n<\/div>\n\n\n\n<div class=\"wp-block-column is-layout-flow wp-block-column-is-layout-flow\">\n<figure class=\"wp-block-image aligncenter size-full is-resized\"><img loading=\"lazy\" decoding=\"async\" width=\"1024\" height=\"682\" src=\"https:\/\/fellingshausen.bibibo.info\/wp-content\/uploads\/2024\/01\/image-1.png\" alt=\"\" class=\"wp-image-13106\" style=\"width:230px;height:auto\" srcset=\"https:\/\/fellingshausen.bibibo.info\/wp-content\/uploads\/2024\/01\/image-1.png 1024w, https:\/\/fellingshausen.bibibo.info\/wp-content\/uploads\/2024\/01\/image-1-300x200.png 300w, https:\/\/fellingshausen.bibibo.info\/wp-content\/uploads\/2024\/01\/image-1-768x512.png 768w, https:\/\/fellingshausen.bibibo.info\/wp-content\/uploads\/2024\/01\/image-1-120x80.png 120w\" sizes=\"auto, (max-width: 1024px) 100vw, 1024px\" \/><\/figure>\n\n\n\n<h6 class=\"wp-block-heading\">und davor &#8230;<br>Da gab es den Bilderbogen noch nicht; wir berichteten aber 2019 auch \u00fcber fr\u00fchere Jahre:<\/h6>\n<\/div>\n<\/div>\n\n\n\n<div class=\"wp-block-columns is-layout-flex wp-container-core-columns-is-layout-28f84493 wp-block-columns-is-layout-flex\">\n<div class=\"wp-block-column is-layout-flow wp-block-column-is-layout-flow\">\n<figure class=\"wp-block-image size-full\"><img loading=\"lazy\" decoding=\"async\" width=\"1024\" height=\"1024\" src=\"https:\/\/fellingshausen.bibibo.info\/wp-content\/uploads\/2024\/01\/image-2.png\" alt=\"\" class=\"wp-image-13108\" srcset=\"https:\/\/fellingshausen.bibibo.info\/wp-content\/uploads\/2024\/01\/image-2.png 1024w, https:\/\/fellingshausen.bibibo.info\/wp-content\/uploads\/2024\/01\/image-2-300x300.png 300w, https:\/\/fellingshausen.bibibo.info\/wp-content\/uploads\/2024\/01\/image-2-150x150.png 150w, https:\/\/fellingshausen.bibibo.info\/wp-content\/uploads\/2024\/01\/image-2-768x768.png 768w\" sizes=\"auto, (max-width: 1024px) 100vw, 1024px\" \/><\/figure>\n\n\n\n<h6 class=\"wp-block-heading has-text-align-center\"><strong><a href=\"https:\/\/fellingshausen.bibibo.info\/brunnenfest-2018\/\" target=\"_blank\" rel=\"noreferrer noopener\">Brunnenfest<\/a><\/strong> <strong>2018<\/strong><\/h6>\n<\/div>\n\n\n\n<div class=\"wp-block-column is-layout-flow wp-block-column-is-layout-flow\">\n<figure class=\"wp-block-image size-full\"><img loading=\"lazy\" decoding=\"async\" width=\"1024\" height=\"576\" src=\"https:\/\/fellingshausen.bibibo.info\/wp-content\/uploads\/2024\/01\/image-3.png\" alt=\"\" class=\"wp-image-13109\" srcset=\"https:\/\/fellingshausen.bibibo.info\/wp-content\/uploads\/2024\/01\/image-3.png 1024w, https:\/\/fellingshausen.bibibo.info\/wp-content\/uploads\/2024\/01\/image-3-300x169.png 300w, https:\/\/fellingshausen.bibibo.info\/wp-content\/uploads\/2024\/01\/image-3-768x432.png 768w\" sizes=\"auto, (max-width: 1024px) 100vw, 1024px\" \/><\/figure>\n\n\n\n<h6 class=\"wp-block-heading has-text-align-center\">Reden zum Volkstrauertag<br><a href=\"https:\/\/fellingshausen.bibibo.info\/rede-zum-volkstrauertag-2018-fellingshausen\/\" data-type=\"link\" data-id=\"https:\/\/fellingshausen.bibibo.info\/rede-zum-volkstrauertag-2018-fellingshausen\/\" target=\"_blank\" rel=\"noreferrer noopener\">2018<\/a><br><a href=\"https:\/\/fellingshausen.bibibo.info\/rede-zum-volkstrauertag-2017-fellingshausen\/\" data-type=\"link\" data-id=\"https:\/\/fellingshausen.bibibo.info\/rede-zum-volkstrauertag-2017-fellingshausen\/\" target=\"_blank\" rel=\"noreferrer noopener\">2017<\/a><\/h6>\n<\/div>\n\n\n\n<div class=\"wp-block-column is-layout-flow wp-block-column-is-layout-flow\">\n<figure class=\"wp-block-image size-full\"><img loading=\"lazy\" decoding=\"async\" width=\"1000\" height=\"602\" src=\"https:\/\/fellingshausen.bibibo.info\/wp-content\/uploads\/2024\/01\/image-4.png\" alt=\"\" class=\"wp-image-13110\" srcset=\"https:\/\/fellingshausen.bibibo.info\/wp-content\/uploads\/2024\/01\/image-4.png 1000w, https:\/\/fellingshausen.bibibo.info\/wp-content\/uploads\/2024\/01\/image-4-300x181.png 300w, https:\/\/fellingshausen.bibibo.info\/wp-content\/uploads\/2024\/01\/image-4-768x462.png 768w\" sizes=\"auto, (max-width: 1000px) 100vw, 1000px\" \/><\/figure>\n\n\n\n<h6 class=\"wp-block-heading has-text-align-center\"><a href=\"https:\/\/fellingshausen.bibibo.info\/bilder-vom-krippenweg-2012-13\/\" data-type=\"link\" data-id=\"https:\/\/fellingshausen.bibibo.info\/bilder-vom-krippenweg-2012-13\/\" target=\"_blank\" rel=\"noreferrer noopener\">Bilder vom 13. Krippenweg<\/a><br>2012<\/h6>\n<\/div>\n<\/div>\n\n\n\n<div class=\"wp-block-columns is-layout-flex wp-container-core-columns-is-layout-28f84493 wp-block-columns-is-layout-flex\">\n<div class=\"wp-block-column is-layout-flow wp-block-column-is-layout-flow\">\n<figure class=\"wp-block-image size-large\"><img loading=\"lazy\" decoding=\"async\" width=\"1024\" height=\"1017\" src=\"https:\/\/fellingshausen.bibibo.info\/wp-content\/uploads\/2024\/01\/image-5-1024x1017.png\" alt=\"\" class=\"wp-image-13111\" srcset=\"https:\/\/fellingshausen.bibibo.info\/wp-content\/uploads\/2024\/01\/image-5-1024x1017.png 1024w, https:\/\/fellingshausen.bibibo.info\/wp-content\/uploads\/2024\/01\/image-5-300x298.png 300w, https:\/\/fellingshausen.bibibo.info\/wp-content\/uploads\/2024\/01\/image-5-150x150.png 150w, https:\/\/fellingshausen.bibibo.info\/wp-content\/uploads\/2024\/01\/image-5-768x763.png 768w, https:\/\/fellingshausen.bibibo.info\/wp-content\/uploads\/2024\/01\/image-5.png 1281w\" sizes=\"auto, (max-width: 1024px) 100vw, 1024px\" \/><\/figure>\n\n\n\n<h5 class=\"wp-block-heading has-text-align-center\"><strong><a href=\"https:\/\/fellingshausen.bibibo.info\/fellingshausen-infobroschuere-2014\/\" data-type=\"link\" data-id=\"https:\/\/fellingshausen.bibibo.info\/fellingshausen-infobroschuere-2014\/\">Fellingshause<\/a><a href=\"https:\/\/fellingshausen.bibibo.info\/fellingshausen-infobroschuere-2014\/\" data-type=\"link\" data-id=\"https:\/\/fellingshausen.bibibo.info\/fellingshausen-infobroschuere-2014\/\" target=\"_blank\" rel=\"noreferrer noopener\">n-Info<\/a><a href=\"https:\/\/fellingshausen.bibibo.info\/fellingshausen-infobroschuere-2014\/\" data-type=\"link\" data-id=\"https:\/\/fellingshausen.bibibo.info\/fellingshausen-infobroschuere-2014\/\">brosch\u00fcre<\/a><\/strong><br>2014<\/h5>\n<\/div>\n\n\n\n<div class=\"wp-block-column is-layout-flow wp-block-column-is-layout-flow\">\n<figure class=\"wp-block-image size-full\"><img loading=\"lazy\" decoding=\"async\" width=\"753\" height=\"486\" src=\"https:\/\/fellingshausen.bibibo.info\/wp-content\/uploads\/2024\/01\/image-6.png\" alt=\"\" class=\"wp-image-13112\" srcset=\"https:\/\/fellingshausen.bibibo.info\/wp-content\/uploads\/2024\/01\/image-6.png 753w, https:\/\/fellingshausen.bibibo.info\/wp-content\/uploads\/2024\/01\/image-6-300x194.png 300w\" sizes=\"auto, (max-width: 753px) 100vw, 753px\" \/><\/figure>\n\n\n\n<h6 class=\"wp-block-heading has-text-align-center\"><a href=\"https:\/\/fellingshausen.bibibo.info\/grabungen-am-duensberg-2014\/\" data-type=\"link\" data-id=\"https:\/\/fellingshausen.bibibo.info\/grabungen-am-duensberg-2014\/\" target=\"_blank\" rel=\"noreferrer noopener\">Grabungen am D\u00fcnsberg<\/a> 2014<\/h6>\n\n\n\n<figure class=\"wp-block-image size-full is-resized\"><img loading=\"lazy\" decoding=\"async\" width=\"185\" height=\"40\" src=\"https:\/\/fellingshausen.bibibo.info\/wp-content\/uploads\/2024\/01\/image-7.png\" alt=\"\" class=\"wp-image-13113\" style=\"width:273px;height:auto\"\/><\/figure>\n\n\n\n<h6 class=\"wp-block-heading has-text-align-center\"><a href=\"https:\/\/fellingshausen.bibibo.info\/aussergewoehnlicher-fund-am-duensberg-2017\/\" data-type=\"link\" data-id=\"https:\/\/fellingshausen.bibibo.info\/aussergewoehnlicher-fund-am-duensberg-2017\/\" target=\"_blank\" rel=\"noreferrer noopener\">Ein au\u00dfergew\u00f6hnlicher Fund <\/a>   2017<\/h6>\n<\/div>\n\n\n\n<div class=\"wp-block-column is-layout-flow wp-block-column-is-layout-flow\">\n<figure class=\"wp-block-image size-full\"><img loading=\"lazy\" decoding=\"async\" width=\"268\" height=\"276\" src=\"https:\/\/fellingshausen.bibibo.info\/wp-content\/uploads\/2024\/01\/image-8.png\" alt=\"\" class=\"wp-image-13114\"\/><\/figure>\n\n\n\n<h6 class=\"wp-block-heading has-text-align-center\"><a href=\"https:\/\/fellingshausen.bibibo.info\/verkaufsmobil-in-fellingshausen-2011\/\" data-type=\"link\" data-id=\"https:\/\/fellingshausen.bibibo.info\/verkaufsmobil-in-fellingshausen-2011\/\" target=\"_blank\" rel=\"noreferrer noopener\">Verkaufsmobil <\/a><br><a href=\"https:\/\/fellingshausen.bibibo.info\/verkaufsmobil-in-fellingshausen-2011\/\" data-type=\"link\" data-id=\"https:\/\/fellingshausen.bibibo.info\/verkaufsmobil-in-fellingshausen-2011\/\" target=\"_blank\" rel=\"noreferrer noopener\">in Fellingshausen<\/a> <br>2011<\/h6>\n<\/div>\n<\/div>\n","protected":false},"excerpt":{"rendered":"<p>Bildquelle: Wikipedia Weinfest der Concordia Sonnwendfeuer VdK Grillen Fux Wiesn Fellingshausen und davor &#8230;Da gab es den Bilderbogen noch nicht; wir berichteten aber 2019 auch \u00fcber fr\u00fchere Jahre: Brunnenfest 2018 Reden zum Volkstrauertag20182017 Bilder vom 13. Krippenweg2012 Fellingshausen-Infobrosch\u00fcre2014 Grabungen am D\u00fcnsberg 2014 Ein au\u00dfergew\u00f6hnlicher Fund 2017 Verkaufsmobil in Fellingshausen 2011<\/p>\n","protected":false},"author":3,"featured_media":0,"parent":0,"menu_order":0,"comment_status":"closed","ping_status":"closed","template":"","meta":{"inspiro_page_layout":"narrow","inspiro_hide_title":false,"footnotes":""},"class_list":["post-11510","page","type-page","status-publish","hentry"],"_links":{"self":[{"href":"https:\/\/fellingshausen.bibibo.info\/index.php?rest_route=\/wp\/v2\/pages\/11510","targetHints":{"allow":["GET"]}}],"collection":[{"href":"https:\/\/fellingshausen.bibibo.info\/index.php?rest_route=\/wp\/v2\/pages"}],"about":[{"href":"https:\/\/fellingshausen.bibibo.info\/index.php?rest_route=\/wp\/v2\/types\/page"}],"author":[{"embeddable":true,"href":"https:\/\/fellingshausen.bibibo.info\/index.php?rest_route=\/wp\/v2\/users\/3"}],"replies":[{"embeddable":true,"href":"https:\/\/fellingshausen.bibibo.info\/index.php?rest_route=%2Fwp%2Fv2%2Fcomments&post=11510"}],"version-history":[{"count":5,"href":"https:\/\/fellingshausen.bibibo.info\/index.php?rest_route=\/wp\/v2\/pages\/11510\/revisions"}],"predecessor-version":[{"id":13119,"href":"https:\/\/fellingshausen.bibibo.info\/index.php?rest_route=\/wp\/v2\/pages\/11510\/revisions\/13119"}],"wp:attachment":[{"href":"https:\/\/fellingshausen.bibibo.info\/index.php?rest_route=%2Fwp%2Fv2%2Fmedia&parent=11510"}],"curies":[{"name":"wp","href":"https:\/\/api.w.org\/{rel}","templated":true}]}}